{"id":404,"date":"2015-10-11T06:38:06","date_gmt":"2015-10-11T06:38:06","guid":{"rendered":"http:\/\/jovicaprodanovic.com\/?page_id=404"},"modified":"2015-10-11T07:07:27","modified_gmt":"2015-10-11T07:07:27","slug":"beograd-2001-ruski-dom","status":"publish","type":"page","link":"https:\/\/jovicaprodanovic.com\/en\/izlozbe\/beograd-2001-ruski-dom\/","title":{"rendered":"Belgrade 2001, Ruski dom"},"content":{"rendered":"<p><strong>Exhibition of Jovica Prodanovic, 13 December 2001, Russian Home, Belgrade<\/strong><\/p>\n<div id=\"attachment_332\" style=\"width: 410px\" class=\"wp-caption aligncenter\"><a href=\"http:\/\/jovicaprodanovic.com\/wp-content\/uploads\/2015\/10\/Ruski-dom-2.jpg\"><img aria-describedby=\"caption-attachment-332\" decoding=\"async\" loading=\"lazy\" class=\"size-full wp-image-332\" src=\"http:\/\/jovicaprodanovic.com\/wp-content\/uploads\/2015\/10\/Ruski-dom-2.jpg\" alt=\"At the exhibition opening in Ruski dom\" width=\"400\" height=\"280\" srcset=\"https:\/\/jovicaprodanovic.com\/wp-content\/uploads\/2015\/10\/Ruski-dom-2.jpg 400w, https:\/\/jovicaprodanovic.com\/wp-content\/uploads\/2015\/10\/Ruski-dom-2-300x210.jpg 300w\" sizes=\"(max-width: 400px) 100vw, 400px\" \/><\/a><p id=\"caption-attachment-332\" class=\"wp-caption-text\">At the exhibition opening in Ruski dom<\/p><\/div>\n<p>The exhibition was opened by the\u00a0 laywer Veljko Guberina, while professor Miroslav B. Mitrovnic spoke about the exhibited works.<\/p>\n<p>\u201cCommunication in the works of Jovica Prodanovic&#8221;<\/p>\n<p>I am afraid that some may find my brief presentation to be lacking the usual spices expected from the interpreters of artistic works. I will leave out the analysis of the form, composition, idea, texture, harmony of exhibited works, and I will use a few words, whose purpose it is to explain only one segment of the exhibited works: the power of communication in the works of Jovica Prodanovic.<\/p>\n<p>It is believed that the biography of an artist is the best way of getting into the spirit of everything he has created, and his work is the expression of his internal life. Prodanovic has adopted many thought and expressions, as you can see in his biography in the catalogue \u2013 in orphanages and children\u2019s boarding houses, schools, universities, learning from wise and good people. He has also amassed experience, which is not in the catalogue, by spending time in Kosovo or clearing debris in institutions destroyed during the NATO bombing. The degree to which his paintings coincide with the experiences of his life, is the measure of the degree in which he will provoke similar experiences within us.<\/p>\n<p>This experience, shaped in his life, family, among friends at work in the country and abroad \u2013 was intellectually transferred to art as the highest form of communication. This is why is his work there are no formal elements, no particularity, heavy and unclear assumptions.<\/p>\n<p>It is true that what he has produced is by itself beautiful and personally satisfying \u2013 which is also satisfying for us as the public. His paintings express his emotions and perhaps in some undefined way him too. (The attempt to understand the spirit of the artist only on the basis of his work could be truly dangerous).<\/p>\n<p>In his work, he battles against the absence of individuality, he does not exclude moments of privacy and he bases then only on the elements which are close to all of us in their affects and impetus. This is why we can easily conclude that they are rare works of arts which satisfy both the artist and the public.<\/p>\n<p>While creating art, Prodanovic did not calculate, consciously engage and become absorbed in this attempt to communicate, because modest as is he is, he would rather tell us that to him painting is just a personal leisure activity. Whether the public, particularly well-acquainted part of the public, will like his paintings and whether art critics will react to it \u2013 these are things that he is wise enough not to give too much thought to. He is not attracted by the bait of \u201cimmortality\u201d, long-time fame, a permanent place among the great. But this is only superficial, because his main preoccupation is that his paintings be a source of satisfaction and new experiences to people.\u00a0 And this is something disguised and eccentric art cannot offer.<\/p>\n<p>This is why the motives in his work are very interesting with a strongly expressed desire to communicate and stimulate through colour and form, to create a close and natural agreement between artistic impetus and possible impetus among us, the public, the observers.<\/p>\n<p>And let me close with the comments of an enthusiast:<\/p>\n<p>It is dangerous to assume there must be only one correct interpretation of a work of art. No. In all great art, there is always something that is unexplainable or unexplained. This applies to the works exhibited here. And this may be the most important thing \u2013 let us expose ourselves to the risk of getting answers to the unexplained at the next exhibition, in the new works of Jovica Prodanovic.<\/p>\n<p>Miroslav B. Mitrovic<\/p>\n<p>________________________________<\/p>\n<p>Read about other exhibitions:<\/p>\n\n<!-- Page-list plugin v.5.6 wordpress.org\/plugins\/page-list\/ -->\n<ul class=\"page-list siblings-page-list \">\n<li class=\"page_item page-item-419\"><a href=\"https:\/\/jovicaprodanovic.com\/en\/izlozbe\/beograd-1982-mala-galerija\/\">Belgrade 1982, Small Gallery<\/a><\/li>\n<li class=\"page_item page-item-415\"><a href=\"https:\/\/jovicaprodanovic.com\/en\/izlozbe\/kuvajt-1988-bouchari-gallery\/\">Kuwait 1988, Bouchari Gallery<\/a><\/li>\n<li class=\"page_item page-item-413\"><a href=\"https:\/\/jovicaprodanovic.com\/en\/izlozbe\/beograd-1989-savezni-sekretarijat-za-inostrane-poslove\/\">Belgrade 1989, Federal Secretariat for Foreign Affairs<\/a><\/li>\n<li class=\"page_item page-item-411\"><a href=\"https:\/\/jovicaprodanovic.com\/en\/izlozbe\/lipik-hrvatska-1990-hotel-lipik\/\">Lipik (Croatia) 1990, Hotel Lipik<\/a><\/li>\n<li class=\"page_item page-item-406\"><a href=\"https:\/\/jovicaprodanovic.com\/en\/izlozbe\/beograd-1997-kuca-dure-jaksica\/\">Belgrade 1997, House of \u0110ura Jak\u0161i\u0107<\/a><\/li>\n<li class=\"page_item page-item-402\"><a href=\"https:\/\/jovicaprodanovic.com\/en\/izlozbe\/beograd-2002-sava-centar\/\">Belgrade 2002, Sava Centre<\/a><\/li>\n<li class=\"page_item page-item-400\"><a href=\"https:\/\/jovicaprodanovic.com\/en\/izlozbe\/beograd-2007-ministarstvo-spoljnih-poslova\/\">Belgrade 2007, Ministry of Foreign Affairs<\/a><\/li>\n<li class=\"page_item page-item-398\"><a href=\"https:\/\/jovicaprodanovic.com\/en\/izlozbe\/beograd-2008-jevrejska-opstina\/\">Belgrade 2008, Jewish Community<\/a><\/li>\n<li class=\"page_item page-item-392\"><a href=\"https:\/\/jovicaprodanovic.com\/en\/izlozbe\/zagreb-2008-skd-prosvjeta\/\">Zagreb 2008, Serbian Cultural Society Prosvjeta<\/a><\/li>\n<li class=\"page_item page-item-390\"><a href=\"https:\/\/jovicaprodanovic.com\/en\/izlozbe\/krusedol-2009-manastir-krusedol\/\">Kru\u0161edol 2009, Kru\u0161edol Monastery<\/a><\/li>\n<li class=\"page_item page-item-49\"><a href=\"https:\/\/jovicaprodanovic.com\/en\/izlozbe\/sremski-karlovci-2009-noc-muzeja\/\">Sremski Karlovci 2009, Museum Night<\/a><\/li>\n<li class=\"page_item page-item-44\"><a href=\"https:\/\/jovicaprodanovic.com\/en\/izlozbe\/novi-sad-2009-jevrejska-zajednica\/\">Novi Sad 2009, Jewish Community<\/a><\/li>\n<li class=\"page_item page-item-42\"><a href=\"https:\/\/jovicaprodanovic.com\/en\/izlozbe\/beograd-2011-ministarstvo-spoljnih-poslova\/\">Belgrade 2011, Ministry of Foreign Affairs<\/a><\/li>\n<li class=\"page_item page-item-417\"><a href=\"https:\/\/jovicaprodanovic.com\/en\/izlozbe\/daruvar-hrvatska-1983-kulturni-centar\/\">Daruvar (Croatia) 1983, Cultural Centre<\/a><\/li>\n<li class=\"page_item page-item-37\"><a href=\"https:\/\/jovicaprodanovic.com\/en\/izlozbe\/beograd-2014-ruski-dom\/\">Belgrade 2014, Russian Cultural Centre<\/a><\/li>\n\n<\/ul>\n","protected":false},"excerpt":{"rendered":"<p>Exhibition of Jovica Prodanovic, 13 December 2001, Russian Home, Belgrade The exhibition was opened by the\u00a0 laywer Veljko Guberina, while professor Miroslav B. Mitrovnic spoke about the exhibited works. \u201cCommunication in the works of Jovica Prodanovic&#8221; I am afraid that some may find my brief presentation to be lacking the usual spices expected from the [&hellip;]<\/p>\n","protected":false},"author":1,"featured_media":0,"parent":29,"menu_order":7,"comment_status":"closed","ping_status":"closed","template":"page-templates\/full-width.php","meta":[],"translation":{"provider":"WPGlobus","version":"2.12.2","language":"en","enabled_languages":["sr","en"],"languages":{"sr":{"title":true,"content":true,"excerpt":false},"en":{"title":true,"content":true,"excerpt":false}}},"yoast_head":"<!-- This site is optimized with the Yoast SEO plugin v20.13 - https:\/\/yoast.com\/wordpress\/plugins\/seo\/ -->\n<title>Belgrade 2001, Ruski dom - Jovica Prodanovi\u0107<\/title>\n<meta name=\"robots\" content=\"index, follow, max-snippet:-1, max-image-preview:large, max-video-preview:-1\" \/>\n<link rel=\"canonical\" href=\"https:\/\/jovicaprodanovic.com\/en\/izlozbe\/beograd-2001-ruski-dom\/\" \/>\n<meta property=\"og:locale\" content=\"en_GB\" \/>\n<meta property=\"og:type\" content=\"article\" \/>\n<meta property=\"og:title\" content=\"Belgrade 2001, Ruski dom - Jovica Prodanovi\u0107\" \/>\n<meta property=\"og:url\" content=\"https:\/\/jovicaprodanovic.com\/en\/izlozbe\/beograd-2001-ruski-dom\/\" \/>\n<meta property=\"og:site_name\" content=\"Jovica Prodanovi\u0107\" \/>\n<meta property=\"article:modified_time\" content=\"2015-10-11T07:07:27+00:00\" \/>\n<meta property=\"og:image\" content=\"http:\/\/jovicaprodanovic.com\/wp-content\/uploads\/2015\/10\/Ruski-dom-2.jpg\" \/>\n<meta name=\"twitter:card\" content=\"summary_large_image\" \/>\n<meta name=\"twitter:label1\" content=\"Estimated reading time\" \/>\n\t<meta name=\"twitter:data1\" content=\"6 minutes\" \/>\n<script type=\"application\/ld+json\" class=\"yoast-schema-graph\">{\"@context\":\"https:\/\/schema.org\",\"@graph\":[{\"@type\":\"WebPage\",\"@id\":\"https:\/\/jovicaprodanovic.com\/en\/izlozbe\/beograd-2001-ruski-dom\/\",\"url\":\"https:\/\/jovicaprodanovic.com\/en\/izlozbe\/beograd-2001-ruski-dom\/\",\"name\":\"Belgrade 2001, Ruski dom - Jovica Prodanovi\u0107\",\"isPartOf\":{\"@id\":\"http:\/\/jovicaprodanovic.com\/#website\"},\"datePublished\":\"2015-10-11T06:38:06+00:00\",\"dateModified\":\"2015-10-11T07:07:27+00:00\",\"breadcrumb\":{\"@id\":\"https:\/\/jovicaprodanovic.com\/en\/izlozbe\/beograd-2001-ruski-dom\/#breadcrumb\"},\"inLanguage\":\"en-GB\",\"potentialAction\":[{\"@type\":\"ReadAction\",\"target\":[\"https:\/\/jovicaprodanovic.com\/en\/izlozbe\/beograd-2001-ruski-dom\/\"]}]},{\"@type\":\"BreadcrumbList\",\"@id\":\"https:\/\/jovicaprodanovic.com\/en\/izlozbe\/beograd-2001-ruski-dom\/#breadcrumb\",\"itemListElement\":[{\"@type\":\"ListItem\",\"position\":1,\"name\":\"Home\",\"item\":\"http:\/\/jovicaprodanovic.com\/\"},{\"@type\":\"ListItem\",\"position\":2,\"name\":\"Izlo\u017ebe\",\"item\":\"https:\/\/jovicaprodanovic.com\/izlozbe\/\"},{\"@type\":\"ListItem\",\"position\":3,\"name\":\"Belgrade 2001, Ruski dom\"}]},{\"@type\":\"WebSite\",\"@id\":\"http:\/\/jovicaprodanovic.com\/#website\",\"url\":\"http:\/\/jovicaprodanovic.com\/\",\"name\":\"Jovica Prodanovi\u0107\",\"description\":\"Exhibition of paintings\",\"potentialAction\":[{\"@type\":\"SearchAction\",\"target\":{\"@type\":\"EntryPoint\",\"urlTemplate\":\"http:\/\/jovicaprodanovic.com\/?s={search_term_string}\"},\"query-input\":\"required name=search_term_string\"}],\"inLanguage\":\"en-GB\"}]}<\/script>\n<!-- \/ Yoast SEO plugin. -->","yoast_head_json":{"title":"Belgrade 2001, Ruski dom - Jovica Prodanovi\u0107","robots":{"index":"index","follow":"follow","max-snippet":"max-snippet:-1","max-image-preview":"max-image-preview:large","max-video-preview":"max-video-preview:-1"},"canonical":"https:\/\/jovicaprodanovic.com\/en\/izlozbe\/beograd-2001-ruski-dom\/","og_locale":"en_GB","og_type":"article","og_title":"Belgrade 2001, Ruski dom - Jovica Prodanovi\u0107","og_url":"https:\/\/jovicaprodanovic.com\/en\/izlozbe\/beograd-2001-ruski-dom\/","og_site_name":"Jovica Prodanovi\u0107","article_modified_time":"2015-10-11T07:07:27+00:00","og_image":[{"url":"http:\/\/jovicaprodanovic.com\/wp-content\/uploads\/2015\/10\/Ruski-dom-2.jpg"}],"twitter_card":"summary_large_image","twitter_misc":{"Estimated reading time":"6 minutes"},"schema":{"@context":"https:\/\/schema.org","@graph":[{"@type":"WebPage","@id":"https:\/\/jovicaprodanovic.com\/en\/izlozbe\/beograd-2001-ruski-dom\/","url":"https:\/\/jovicaprodanovic.com\/en\/izlozbe\/beograd-2001-ruski-dom\/","name":"Belgrade 2001, Ruski dom - Jovica Prodanovi\u0107","isPartOf":{"@id":"http:\/\/jovicaprodanovic.com\/#website"},"datePublished":"2015-10-11T06:38:06+00:00","dateModified":"2015-10-11T07:07:27+00:00","breadcrumb":{"@id":"https:\/\/jovicaprodanovic.com\/en\/izlozbe\/beograd-2001-ruski-dom\/#breadcrumb"},"inLanguage":"en-GB","potentialAction":[{"@type":"ReadAction","target":["https:\/\/jovicaprodanovic.com\/en\/izlozbe\/beograd-2001-ruski-dom\/"]}]},{"@type":"BreadcrumbList","@id":"https:\/\/jovicaprodanovic.com\/en\/izlozbe\/beograd-2001-ruski-dom\/#breadcrumb","itemListElement":[{"@type":"ListItem","position":1,"name":"Home","item":"http:\/\/jovicaprodanovic.com\/"},{"@type":"ListItem","position":2,"name":"Izlo\u017ebe","item":"https:\/\/jovicaprodanovic.com\/izlozbe\/"},{"@type":"ListItem","position":3,"name":"Belgrade 2001, Ruski dom"}]},{"@type":"WebSite","@id":"http:\/\/jovicaprodanovic.com\/#website","url":"http:\/\/jovicaprodanovic.com\/","name":"Jovica Prodanovi\u0107","description":"Exhibition of paintings","potentialAction":[{"@type":"SearchAction","target":{"@type":"EntryPoint","urlTemplate":"http:\/\/jovicaprodanovic.com\/?s={search_term_string}"},"query-input":"required name=search_term_string"}],"inLanguage":"en-GB"}]}},"_links":{"self":[{"href":"https:\/\/jovicaprodanovic.com\/en\/wp-json\/wp\/v2\/pages\/404"}],"collection":[{"href":"https:\/\/jovicaprodanovic.com\/en\/wp-json\/wp\/v2\/pages"}],"about":[{"href":"https:\/\/jovicaprodanovic.com\/en\/wp-json\/wp\/v2\/types\/page"}],"author":[{"embeddable":true,"href":"https:\/\/jovicaprodanovic.com\/en\/wp-json\/wp\/v2\/users\/1"}],"replies":[{"embeddable":true,"href":"https:\/\/jovicaprodanovic.com\/en\/wp-json\/wp\/v2\/comments?post=404"}],"version-history":[{"count":1,"href":"https:\/\/jovicaprodanovic.com\/en\/wp-json\/wp\/v2\/pages\/404\/revisions"}],"predecessor-version":[{"id":405,"href":"https:\/\/jovicaprodanovic.com\/en\/wp-json\/wp\/v2\/pages\/404\/revisions\/405"}],"up":[{"embeddable":true,"href":"https:\/\/jovicaprodanovic.com\/en\/wp-json\/wp\/v2\/pages\/29"}],"wp:attachment":[{"href":"https:\/\/jovicaprodanovic.com\/en\/wp-json\/wp\/v2\/media?parent=404"}],"curies":[{"name":"wp","href":"https:\/\/api.w.org\/{rel}","templated":true}]}}