{"id":49,"date":"2015-10-08T16:53:02","date_gmt":"2015-10-08T16:53:02","guid":{"rendered":"http:\/\/jovicaprodanovic.com\/?page_id=49"},"modified":"2015-10-11T07:08:10","modified_gmt":"2015-10-11T07:08:10","slug":"sremski-karlovci-2009-noc-muzeja","status":"publish","type":"page","link":"http:\/\/jovicaprodanovic.com\/en\/izlozbe\/sremski-karlovci-2009-noc-muzeja\/","title":{"rendered":"Sremski Karlovci 2009, Museum Night"},"content":{"rendered":"<p>The exhibition of paintings of Jovica Prodanovic in Sremski Karlovci in the Primary School 23 October during the event of Nights of the Museum in 2009. The exhibition was opened by Komnen Kolja Seratlic, a long-time diplomat and journalist. Prof Goran Marovic, the Headmaster of the Primary School 24 October and lieutenant colonel Stojan Prodanovic spoke about the exhibition.<\/p>\n<div id=\"attachment_388\" style=\"width: 410px\" class=\"wp-caption aligncenter\"><a href=\"http:\/\/jovicaprodanovic.com\/wp-content\/uploads\/2015\/10\/noc-muzeja-2.jpg\"><img aria-describedby=\"caption-attachment-388\" decoding=\"async\" loading=\"lazy\" class=\"wp-image-388 size-full\" src=\"http:\/\/jovicaprodanovic.com\/wp-content\/uploads\/2015\/10\/noc-muzeja-2.jpg\" alt=\"Museum Night\" width=\"400\" height=\"263\" srcset=\"http:\/\/jovicaprodanovic.com\/wp-content\/uploads\/2015\/10\/noc-muzeja-2.jpg 400w, http:\/\/jovicaprodanovic.com\/wp-content\/uploads\/2015\/10\/noc-muzeja-2-300x197.jpg 300w\" sizes=\"(max-width: 400px) 100vw, 400px\" \/><\/a><p id=\"caption-attachment-388\" class=\"wp-caption-text\">No\u0107 muzeja<\/p><\/div>\n<p>Jovica Prodanovic &#8211; Victory of a Dream<br \/>\n(Speech of Komnen Kolja Seratlic at the opening of the exhibition in Sremski Karlovci, 16 May 2009)<\/p>\n<p>Ladies and gentlemen,<\/p>\n<p>There are several reasons why the exhibition of paintings of Jovica Prodanovic, here, today in this school, in the renowned Sremski Karlovci, where each generation brings new talents for painting, where artists\u2019 colonies are held, represents an exceptional cultural event. As a person who is not a professional art critic, but who has as a long-time journalist, diplomat, press and cultural attach\u00e9, opened exhibitions in Mexico, Moscow, Buenos Aires and Trencin in Slovakia, I have the great pleasure and honour to say a few words.<\/p>\n<p>I will repeat a usual expression, which is in this case completely true \u2013 Jovica Prodanovic is as along-time diplomat, the best painter among diplomats and the best diplomat among painters. He is an exceptional intellectual, a lawyer who speaks many languages, in particular Arabic, and has been an Arabist for more than fourty years. Despite all of this and many other things which remain unsaid, he has never been haughty or gotten on his high horse; his modesty, specific calmness of spirit, analytical approach to problems, he has never slighted or shamed either his colleagues or foreigners in his long diplomatic career.<\/p>\n<p>Jovica Prodanovic bears his own specific life imprint, which I personally feel very deeply, as this was one of the key elements of our friendship, since we both found ourselves orphans at an early age. As hard as his life may have been, his paintings are full of optimism, and are painted with bright and cheerful colours. His strong will and personality helped him overcome the most difficulty obstacles and temptations. He is an artist of exceptional expression, mysterious inspiration and individual communication.<\/p>\n<p>His talent for painting was uncovered by the academic sculptor Nikola Kecanin who taught him art in his primary school. One day, Kecanin brought an anthology of painting in colour and gave Jovica Prodanovic the task of copying a painting of the French Impressionist Cezanne in watercolours. After two hours of work, the painting was finished. The students who were present were surprised and admired the painting. Kecanin himself did not hide his satisfaction. This was the start of the friendship between the experienced sculptor and his pupil, whose talent he supported. Jovica spent his free time by visiting the studio of Nikola Kecanin, watching him sculpt in clay, helping him at times and himself also doing work in smaller format, portraits, sculpting busts and acts. His teacher would give him books about Leonardo da Vinci and Michaelangelo and he would copy their sketches. Jovica showed particular interest for the French Impressionists \u2013 Renoir, Cezanne, Manet, Monet, Toulouse Lautrec, Van Gogh, Utrillo and others.<\/p>\n<p>Jovica Prodanovic faced a great dilemma when deciding on what profession to choose \u2013 the art academy or law. He told me that in the last moment he chose law, which was crucial for his social and political engagement in the last years of high school. However, he never abandoned painting, because that was his intimate world in which he experienced absolute satisfactions and personal integrity. And, as I said in the beginning, fate led him to the diplomatic service.<br \/>\nAs you know, the diplomatic service is a calling, an art. This is why Jovica had a great start from the beginning. Painting showed to be an excellent means for the diplomatic communication of links and confidence. During his work at the Yugoslav Embassy in Algeria, he used every free moment to activate his painter\u2019s passion in the ambience of the Mediterranean. We as a people belong to the Mediterranean culture, and not to the metaphysical Western one. He painted a series of oil paintings of Algerian motives which he exhibited at a independent exhibition upon his return to Belgrade in 1982. This was followed by other independent and collective exhibitions.<\/p>\n<p>Today, before you is the thematic independent exhibition named \u201cImpressions from Jerusalem\u201d, created in pastels. The paintings were done directly in open space, on the spot, often in the greatest tourist attractions of the Old City of Jerusalem or on the slopes of the Mount of Olives. These impressions are unique among deep believers of different religions from the whole world, as well as among curious tourists and travellers.<\/p>\n<p>I hope that we will be able to come across Jovica Prodanovic\u2019s new challenges for a long time to come, and that many people will spend time in deciphering the opus of the artist, who has found his own measure in the world and the world within himself. When they asked Rodin how he managed to create such beautiful sculptural forms, he responded by saying \u201cI take the material and get rid of everything that is superfluous\u201d. We can see there is nothing superfluous in the paintings of Jovica Prodanovic.<\/p>\n<p>With great respect, I would hereby like to officially open this exhibition.<\/p>\n<p>________________________________<\/p>\n<p>Read about other exhibitions:<\/p>\n\n<!-- Page-list plugin v.5.6 wordpress.org\/plugins\/page-list\/ -->\n<ul class=\"page-list siblings-page-list \">\n<li class=\"page_item page-item-419\"><a href=\"http:\/\/jovicaprodanovic.com\/en\/izlozbe\/beograd-1982-mala-galerija\/\">Belgrade 1982, Small Gallery<\/a><\/li>\n<li class=\"page_item page-item-415\"><a href=\"http:\/\/jovicaprodanovic.com\/en\/izlozbe\/kuvajt-1988-bouchari-gallery\/\">Kuwait 1988, Bouchari Gallery<\/a><\/li>\n<li class=\"page_item page-item-413\"><a href=\"http:\/\/jovicaprodanovic.com\/en\/izlozbe\/beograd-1989-savezni-sekretarijat-za-inostrane-poslove\/\">Belgrade 1989, Federal Secretariat for Foreign Affairs<\/a><\/li>\n<li class=\"page_item page-item-411\"><a href=\"http:\/\/jovicaprodanovic.com\/en\/izlozbe\/lipik-hrvatska-1990-hotel-lipik\/\">Lipik (Croatia) 1990, Hotel Lipik<\/a><\/li>\n<li class=\"page_item page-item-406\"><a href=\"http:\/\/jovicaprodanovic.com\/en\/izlozbe\/beograd-1997-kuca-dure-jaksica\/\">Belgrade 1997, House of \u0110ura Jak\u0161i\u0107<\/a><\/li>\n<li class=\"page_item page-item-404\"><a href=\"http:\/\/jovicaprodanovic.com\/en\/izlozbe\/beograd-2001-ruski-dom\/\">Belgrade 2001, Ruski dom<\/a><\/li>\n<li class=\"page_item page-item-402\"><a href=\"http:\/\/jovicaprodanovic.com\/en\/izlozbe\/beograd-2002-sava-centar\/\">Belgrade 2002, Sava Centre<\/a><\/li>\n<li class=\"page_item page-item-400\"><a href=\"http:\/\/jovicaprodanovic.com\/en\/izlozbe\/beograd-2007-ministarstvo-spoljnih-poslova\/\">Belgrade 2007, Ministry of Foreign Affairs<\/a><\/li>\n<li class=\"page_item page-item-398\"><a href=\"http:\/\/jovicaprodanovic.com\/en\/izlozbe\/beograd-2008-jevrejska-opstina\/\">Belgrade 2008, Jewish Community<\/a><\/li>\n<li class=\"page_item page-item-392\"><a href=\"http:\/\/jovicaprodanovic.com\/en\/izlozbe\/zagreb-2008-skd-prosvjeta\/\">Zagreb 2008, Serbian Cultural Society Prosvjeta<\/a><\/li>\n<li class=\"page_item page-item-390\"><a href=\"http:\/\/jovicaprodanovic.com\/en\/izlozbe\/krusedol-2009-manastir-krusedol\/\">Kru\u0161edol 2009, Kru\u0161edol Monastery<\/a><\/li>\n<li class=\"page_item page-item-44\"><a href=\"http:\/\/jovicaprodanovic.com\/en\/izlozbe\/novi-sad-2009-jevrejska-zajednica\/\">Novi Sad 2009, Jewish Community<\/a><\/li>\n<li class=\"page_item page-item-42\"><a href=\"http:\/\/jovicaprodanovic.com\/en\/izlozbe\/beograd-2011-ministarstvo-spoljnih-poslova\/\">Belgrade 2011, Ministry of Foreign Affairs<\/a><\/li>\n<li class=\"page_item page-item-417\"><a href=\"http:\/\/jovicaprodanovic.com\/en\/izlozbe\/daruvar-hrvatska-1983-kulturni-centar\/\">Daruvar (Croatia) 1983, Cultural Centre<\/a><\/li>\n<li class=\"page_item page-item-37\"><a href=\"http:\/\/jovicaprodanovic.com\/en\/izlozbe\/beograd-2014-ruski-dom\/\">Belgrade 2014, Russian Cultural Centre<\/a><\/li>\n\n<\/ul>\n","protected":false},"excerpt":{"rendered":"<p>The exhibition of paintings of Jovica Prodanovic in Sremski Karlovci in the Primary School 23 October during the event of Nights of the Museum in 2009. The exhibition was opened by Komnen Kolja Seratlic, a long-time diplomat and journalist. Prof Goran Marovic, the Headmaster of the Primary School 24 October and lieutenant colonel Stojan Prodanovic [&hellip;]<\/p>\n","protected":false},"author":1,"featured_media":0,"parent":29,"menu_order":13,"comment_status":"closed","ping_status":"closed","template":"page-templates\/full-width.php","meta":[],"translation":{"provider":"WPGlobus","version":"2.12.2","language":"en","enabled_languages":["sr","en"],"languages":{"sr":{"title":true,"content":true,"excerpt":false},"en":{"title":true,"content":true,"excerpt":false}}},"yoast_head":"<!-- This site is optimized with the Yoast SEO plugin v20.13 - https:\/\/yoast.com\/wordpress\/plugins\/seo\/ -->\n<title>Sremski Karlovci 2009, Museum Night - Jovica Prodanovi\u0107<\/title>\n<meta name=\"robots\" content=\"index, follow, max-snippet:-1, max-image-preview:large, max-video-preview:-1\" \/>\n<link rel=\"canonical\" href=\"http:\/\/jovicaprodanovic.com\/en\/izlozbe\/sremski-karlovci-2009-noc-muzeja\/\" \/>\n<meta property=\"og:locale\" content=\"en_GB\" \/>\n<meta property=\"og:type\" content=\"article\" \/>\n<meta property=\"og:title\" content=\"Sremski Karlovci 2009, Museum Night - Jovica Prodanovi\u0107\" \/>\n<meta property=\"og:url\" content=\"http:\/\/jovicaprodanovic.com\/en\/izlozbe\/sremski-karlovci-2009-noc-muzeja\/\" \/>\n<meta property=\"og:site_name\" content=\"Jovica Prodanovi\u0107\" \/>\n<meta property=\"article:modified_time\" content=\"2015-10-11T07:08:10+00:00\" \/>\n<meta property=\"og:image\" content=\"http:\/\/jovicaprodanovic.com\/wp-content\/uploads\/2015\/10\/noc-muzeja-2.jpg\" \/>\n<meta name=\"twitter:card\" content=\"summary_large_image\" \/>\n<meta name=\"twitter:label1\" content=\"Estimated reading time\" \/>\n\t<meta name=\"twitter:data1\" content=\"9 minutes\" \/>\n<script type=\"application\/ld+json\" class=\"yoast-schema-graph\">{\"@context\":\"https:\/\/schema.org\",\"@graph\":[{\"@type\":\"WebPage\",\"@id\":\"http:\/\/jovicaprodanovic.com\/en\/izlozbe\/sremski-karlovci-2009-noc-muzeja\/\",\"url\":\"http:\/\/jovicaprodanovic.com\/en\/izlozbe\/sremski-karlovci-2009-noc-muzeja\/\",\"name\":\"Sremski Karlovci 2009, Museum Night - Jovica Prodanovi\u0107\",\"isPartOf\":{\"@id\":\"http:\/\/jovicaprodanovic.com\/en\/#website\"},\"datePublished\":\"2015-10-08T16:53:02+00:00\",\"dateModified\":\"2015-10-11T07:08:10+00:00\",\"breadcrumb\":{\"@id\":\"http:\/\/jovicaprodanovic.com\/en\/izlozbe\/sremski-karlovci-2009-noc-muzeja\/#breadcrumb\"},\"inLanguage\":\"en-GB\",\"potentialAction\":[{\"@type\":\"ReadAction\",\"target\":[\"http:\/\/jovicaprodanovic.com\/en\/izlozbe\/sremski-karlovci-2009-noc-muzeja\/\"]}]},{\"@type\":\"BreadcrumbList\",\"@id\":\"http:\/\/jovicaprodanovic.com\/en\/izlozbe\/sremski-karlovci-2009-noc-muzeja\/#breadcrumb\",\"itemListElement\":[{\"@type\":\"ListItem\",\"position\":1,\"name\":\"Home\",\"item\":\"http:\/\/jovicaprodanovic.com\/en\/\"},{\"@type\":\"ListItem\",\"position\":2,\"name\":\"Exhibitions\",\"item\":\"https:\/\/jovicaprodanovic.com\/en\/izlozbe\/\"},{\"@type\":\"ListItem\",\"position\":3,\"name\":\"Sremski Karlovci 2009, Museum Night\"}]},{\"@type\":\"WebSite\",\"@id\":\"http:\/\/jovicaprodanovic.com\/en\/#website\",\"url\":\"http:\/\/jovicaprodanovic.com\/en\/\",\"name\":\"Jovica Prodanovi\u0107\",\"description\":\"Exhibition of paintings\",\"potentialAction\":[{\"@type\":\"SearchAction\",\"target\":{\"@type\":\"EntryPoint\",\"urlTemplate\":\"http:\/\/jovicaprodanovic.com\/en\/?s={search_term_string}\"},\"query-input\":\"required name=search_term_string\"}],\"inLanguage\":\"en-GB\"}]}<\/script>\n<!-- \/ Yoast SEO plugin. -->","yoast_head_json":{"title":"Sremski Karlovci 2009, Museum Night - Jovica Prodanovi\u0107","robots":{"index":"index","follow":"follow","max-snippet":"max-snippet:-1","max-image-preview":"max-image-preview:large","max-video-preview":"max-video-preview:-1"},"canonical":"http:\/\/jovicaprodanovic.com\/en\/izlozbe\/sremski-karlovci-2009-noc-muzeja\/","og_locale":"en_GB","og_type":"article","og_title":"Sremski Karlovci 2009, Museum Night - Jovica Prodanovi\u0107","og_url":"http:\/\/jovicaprodanovic.com\/en\/izlozbe\/sremski-karlovci-2009-noc-muzeja\/","og_site_name":"Jovica Prodanovi\u0107","article_modified_time":"2015-10-11T07:08:10+00:00","og_image":[{"url":"http:\/\/jovicaprodanovic.com\/wp-content\/uploads\/2015\/10\/noc-muzeja-2.jpg"}],"twitter_card":"summary_large_image","twitter_misc":{"Estimated reading time":"9 minutes"},"schema":{"@context":"https:\/\/schema.org","@graph":[{"@type":"WebPage","@id":"http:\/\/jovicaprodanovic.com\/en\/izlozbe\/sremski-karlovci-2009-noc-muzeja\/","url":"http:\/\/jovicaprodanovic.com\/en\/izlozbe\/sremski-karlovci-2009-noc-muzeja\/","name":"Sremski Karlovci 2009, Museum Night - Jovica Prodanovi\u0107","isPartOf":{"@id":"http:\/\/jovicaprodanovic.com\/en\/#website"},"datePublished":"2015-10-08T16:53:02+00:00","dateModified":"2015-10-11T07:08:10+00:00","breadcrumb":{"@id":"http:\/\/jovicaprodanovic.com\/en\/izlozbe\/sremski-karlovci-2009-noc-muzeja\/#breadcrumb"},"inLanguage":"en-GB","potentialAction":[{"@type":"ReadAction","target":["http:\/\/jovicaprodanovic.com\/en\/izlozbe\/sremski-karlovci-2009-noc-muzeja\/"]}]},{"@type":"BreadcrumbList","@id":"http:\/\/jovicaprodanovic.com\/en\/izlozbe\/sremski-karlovci-2009-noc-muzeja\/#breadcrumb","itemListElement":[{"@type":"ListItem","position":1,"name":"Home","item":"http:\/\/jovicaprodanovic.com\/en\/"},{"@type":"ListItem","position":2,"name":"Exhibitions","item":"https:\/\/jovicaprodanovic.com\/en\/izlozbe\/"},{"@type":"ListItem","position":3,"name":"Sremski Karlovci 2009, Museum Night"}]},{"@type":"WebSite","@id":"http:\/\/jovicaprodanovic.com\/en\/#website","url":"http:\/\/jovicaprodanovic.com\/en\/","name":"Jovica Prodanovi\u0107","description":"Exhibition of paintings","potentialAction":[{"@type":"SearchAction","target":{"@type":"EntryPoint","urlTemplate":"http:\/\/jovicaprodanovic.com\/en\/?s={search_term_string}"},"query-input":"required name=search_term_string"}],"inLanguage":"en-GB"}]}},"_links":{"self":[{"href":"http:\/\/jovicaprodanovic.com\/en\/wp-json\/wp\/v2\/pages\/49"}],"collection":[{"href":"http:\/\/jovicaprodanovic.com\/en\/wp-json\/wp\/v2\/pages"}],"about":[{"href":"http:\/\/jovicaprodanovic.com\/en\/wp-json\/wp\/v2\/types\/page"}],"author":[{"embeddable":true,"href":"http:\/\/jovicaprodanovic.com\/en\/wp-json\/wp\/v2\/users\/1"}],"replies":[{"embeddable":true,"href":"http:\/\/jovicaprodanovic.com\/en\/wp-json\/wp\/v2\/comments?post=49"}],"version-history":[{"count":8,"href":"http:\/\/jovicaprodanovic.com\/en\/wp-json\/wp\/v2\/pages\/49\/revisions"}],"predecessor-version":[{"id":389,"href":"http:\/\/jovicaprodanovic.com\/en\/wp-json\/wp\/v2\/pages\/49\/revisions\/389"}],"up":[{"embeddable":true,"href":"http:\/\/jovicaprodanovic.com\/en\/wp-json\/wp\/v2\/pages\/29"}],"wp:attachment":[{"href":"http:\/\/jovicaprodanovic.com\/en\/wp-json\/wp\/v2\/media?parent=49"}],"curies":[{"name":"wp","href":"https:\/\/api.w.org\/{rel}","templated":true}]}}