{"id":42,"date":"2015-10-08T16:31:07","date_gmt":"2015-10-08T16:31:07","guid":{"rendered":"http:\/\/jovicaprodanovic.com\/?page_id=42"},"modified":"2015-10-11T07:08:24","modified_gmt":"2015-10-11T07:08:24","slug":"beograd-2011-ministarstvo-spoljnih-poslova","status":"publish","type":"page","link":"http:\/\/jovicaprodanovic.com\/en\/izlozbe\/beograd-2011-ministarstvo-spoljnih-poslova\/","title":{"rendered":"Belgrade 2011, Ministry of Foreign Affairs"},"content":{"rendered":"<p><strong>Introductory word by Vera Gruji\u0107 at the opening of the exhibition<\/strong><\/p>\n<div id=\"attachment_382\" style=\"width: 510px\" class=\"wp-caption aligncenter\"><a href=\"http:\/\/jovicaprodanovic.com\/wp-content\/uploads\/2015\/10\/Jersualem-panorama.jpg\"><img aria-describedby=\"caption-attachment-382\" decoding=\"async\" loading=\"lazy\" class=\"wp-image-382\" src=\"http:\/\/jovicaprodanovic.com\/wp-content\/uploads\/2015\/10\/Jersualem-panorama-300x225.jpg\" alt=\"Panorama of Jerusalem\" width=\"500\" height=\"375\" srcset=\"http:\/\/jovicaprodanovic.com\/wp-content\/uploads\/2015\/10\/Jersualem-panorama-300x225.jpg 300w, http:\/\/jovicaprodanovic.com\/wp-content\/uploads\/2015\/10\/Jersualem-panorama.jpg 1024w, http:\/\/jovicaprodanovic.com\/wp-content\/uploads\/2015\/10\/Jersualem-panorama-624x468.jpg 624w\" sizes=\"(max-width: 500px) 100vw, 500px\" \/><\/a><p id=\"caption-attachment-382\" class=\"wp-caption-text\">Panorama of Jerusalem<\/p><\/div>\n<p>The fact that this is already the sixteenth independent exhibition of Jovica Prodanovic, an impressive number even for artists for whom painting is their main occupation, is a testimony to the love of art and the enthusiasm which weave through every one of his works. During the past decades, while living in countries he had been posted to during his diplomatic service as well as in areas of the former Yugoslavia, through his work he has noted his impressions inspired by beautiful and picturesque landscapes, urban environments and lively scenes from everyday life, or analytically penetrated into the characteristic essence of the physiological and psychological attributes of persons of whom he has done portraits. Since 2006 he has been particularly absorbed by motifs from Jerusalem, the ancient city which bears the traces of ancient civilizations, the city that has been torn down to its foundations many times and constructed again, the city of the tenets of the creed of Jews, Christians and Muslims which contains the remains of the Temple of Solomon, the Holy Sepulchre and the place where it is believed the Prophet Mohammed ascended to the heavens.<br \/>\nJerusalem\u2019s rich history is conditioned by its geopolitical position and its importance as a sacral area, toponyms known from holy books and linked to personalities whose actions represent the tenets of the three religions, and is preceded by a long pagan past as well as a multitude of specific characteristics of numerous national and religious groups. Jerusalem has attracted believers, scientists and tourists from all corners of the globe, but also artists, particularly in the 19th century. During this period, the interest of Europeans in this region was to a great extent awoken by Napoleon\u2019s\u00a0 military campaigns in North Africa and other significant historical events. As a result, unusual oriental ambience and exotic personalities became a frequent inspiration of artists. Prior to the works of orientalist painters,\u00a0 during the Middle Ages when organized pilgrim tours to the Holy Land began, motifs from Jerusalem appeared in pilgrim guidebooks, which were later printed and became more accessible to a larger number of people, playing an important role in private piety. These guidebooks existed within the Serbian Orthodox Church whose representatives lived in the Holy Land from the time of the Nemanjic empire. One of the most popular illustrated religious books was Description of Jerusalem by Hristofor Zeragovic, written in the 18th century not only for physical but also spiritual pilgrimages. Specialized workshops from the Holy Land produced en masse hajj\u00a0 icons, so-called jerusalems, with a depiction of the Holy Sepulchre in the central part, flanked by images of Christ and the Madonna on the two sides and framed by illustrations from biblical events and holy places, which were both a testament of the hajj and a type of status symbol.<\/p>\n<p>Jovica Prodanovic has spent a great deal of his working life in this part of the world. Before Jerusalem attracted him in an artistic sense, he knew very well its political and cultural history, as well as the history of religions \u2013 this is why his artistic interest is focused on the old city centre. With a respect equal to that of millions of believers who have experienced their greatest spiritual experience there and who keep pictures of the places they have visited as their holiest of holies, he joined the ranks of artists who had placed their easels in the same places, wanting, like his predecessors, to immortalize in his own way these monuments whose importance often exceeds their external beauty. In relaying the direct experience of what he has seen, he has mainly painted architecture, panoramic scenes and landscapes executed in balanced coloristic harmonies, which he occasionally livens up with contrasting details. Even though he gravitates towards a certain realistic relationship towards reality, these works of Jovica Prodanovic \u2013 paintings which almost never portray people, are infused with light and a lyrical atmosphere \u2013 feel almost metaphysical and from the \u2018other\u2019 side.<\/p>\n<p>Vera Grujic<br \/>\nSenior curator in the National Museum in Belgrade<br \/>\nBelgrade, May 2011<\/p>\n<p>________________________________<\/p>\n<p>Read about other exhibitions:<\/p>\n\n<!-- Page-list plugin v.5.6 wordpress.org\/plugins\/page-list\/ -->\n<ul class=\"page-list siblings-page-list \">\n<li class=\"page_item page-item-419\"><a href=\"http:\/\/jovicaprodanovic.com\/en\/izlozbe\/beograd-1982-mala-galerija\/\">Belgrade 1982, Small Gallery<\/a><\/li>\n<li class=\"page_item page-item-415\"><a href=\"http:\/\/jovicaprodanovic.com\/en\/izlozbe\/kuvajt-1988-bouchari-gallery\/\">Kuwait 1988, Bouchari Gallery<\/a><\/li>\n<li class=\"page_item page-item-413\"><a href=\"http:\/\/jovicaprodanovic.com\/en\/izlozbe\/beograd-1989-savezni-sekretarijat-za-inostrane-poslove\/\">Belgrade 1989, Federal Secretariat for Foreign Affairs<\/a><\/li>\n<li class=\"page_item page-item-411\"><a href=\"http:\/\/jovicaprodanovic.com\/en\/izlozbe\/lipik-hrvatska-1990-hotel-lipik\/\">Lipik (Croatia) 1990, Hotel Lipik<\/a><\/li>\n<li class=\"page_item page-item-406\"><a href=\"http:\/\/jovicaprodanovic.com\/en\/izlozbe\/beograd-1997-kuca-dure-jaksica\/\">Belgrade 1997, House of \u0110ura Jak\u0161i\u0107<\/a><\/li>\n<li class=\"page_item page-item-404\"><a href=\"http:\/\/jovicaprodanovic.com\/en\/izlozbe\/beograd-2001-ruski-dom\/\">Belgrade 2001, Ruski dom<\/a><\/li>\n<li class=\"page_item page-item-402\"><a href=\"http:\/\/jovicaprodanovic.com\/en\/izlozbe\/beograd-2002-sava-centar\/\">Belgrade 2002, Sava Centre<\/a><\/li>\n<li class=\"page_item page-item-400\"><a href=\"http:\/\/jovicaprodanovic.com\/en\/izlozbe\/beograd-2007-ministarstvo-spoljnih-poslova\/\">Belgrade 2007, Ministry of Foreign Affairs<\/a><\/li>\n<li class=\"page_item page-item-398\"><a href=\"http:\/\/jovicaprodanovic.com\/en\/izlozbe\/beograd-2008-jevrejska-opstina\/\">Belgrade 2008, Jewish Community<\/a><\/li>\n<li class=\"page_item page-item-392\"><a href=\"http:\/\/jovicaprodanovic.com\/en\/izlozbe\/zagreb-2008-skd-prosvjeta\/\">Zagreb 2008, Serbian Cultural Society Prosvjeta<\/a><\/li>\n<li class=\"page_item page-item-390\"><a href=\"http:\/\/jovicaprodanovic.com\/en\/izlozbe\/krusedol-2009-manastir-krusedol\/\">Kru\u0161edol 2009, Kru\u0161edol Monastery<\/a><\/li>\n<li class=\"page_item page-item-49\"><a href=\"http:\/\/jovicaprodanovic.com\/en\/izlozbe\/sremski-karlovci-2009-noc-muzeja\/\">Sremski Karlovci 2009, Museum Night<\/a><\/li>\n<li class=\"page_item page-item-44\"><a href=\"http:\/\/jovicaprodanovic.com\/en\/izlozbe\/novi-sad-2009-jevrejska-zajednica\/\">Novi Sad 2009, Jewish Community<\/a><\/li>\n<li class=\"page_item page-item-417\"><a href=\"http:\/\/jovicaprodanovic.com\/en\/izlozbe\/daruvar-hrvatska-1983-kulturni-centar\/\">Daruvar (Croatia) 1983, Cultural Centre<\/a><\/li>\n<li class=\"page_item page-item-37\"><a href=\"http:\/\/jovicaprodanovic.com\/en\/izlozbe\/beograd-2014-ruski-dom\/\">Belgrade 2014, Russian Cultural Centre<\/a><\/li>\n\n<\/ul>\n","protected":false},"excerpt":{"rendered":"<p>Introductory word by Vera Gruji\u0107 at the opening of the exhibition The fact that this is already the sixteenth independent exhibition of Jovica Prodanovic, an impressive number even for artists for whom painting is their main occupation, is a testimony to the love of art and the enthusiasm which weave through every one of his [&hellip;]<\/p>\n","protected":false},"author":1,"featured_media":0,"parent":29,"menu_order":15,"comment_status":"closed","ping_status":"closed","template":"page-templates\/full-width.php","meta":[],"translation":{"provider":"WPGlobus","version":"2.12.2","language":"en","enabled_languages":["sr","en"],"languages":{"sr":{"title":true,"content":true,"excerpt":false},"en":{"title":true,"content":true,"excerpt":false}}},"yoast_head":"<!-- This site is optimized with the Yoast SEO plugin v20.13 - https:\/\/yoast.com\/wordpress\/plugins\/seo\/ -->\n<title>Belgrade 2011, Ministry of Foreign Affairs - Jovica Prodanovi\u0107<\/title>\n<meta name=\"robots\" content=\"index, follow, max-snippet:-1, max-image-preview:large, max-video-preview:-1\" \/>\n<link rel=\"canonical\" href=\"http:\/\/jovicaprodanovic.com\/en\/izlozbe\/beograd-2011-ministarstvo-spoljnih-poslova\/\" \/>\n<meta property=\"og:locale\" content=\"en_GB\" \/>\n<meta property=\"og:type\" content=\"article\" \/>\n<meta property=\"og:title\" content=\"Belgrade 2011, Ministry of Foreign Affairs - Jovica Prodanovi\u0107\" \/>\n<meta property=\"og:url\" content=\"http:\/\/jovicaprodanovic.com\/en\/izlozbe\/beograd-2011-ministarstvo-spoljnih-poslova\/\" \/>\n<meta property=\"og:site_name\" content=\"Jovica Prodanovi\u0107\" \/>\n<meta property=\"article:modified_time\" content=\"2015-10-11T07:08:24+00:00\" \/>\n<meta property=\"og:image\" content=\"http:\/\/jovicaprodanovic.com\/wp-content\/uploads\/2015\/10\/Jersualem-panorama-1024x768.jpg\" \/>\n<meta name=\"twitter:card\" content=\"summary_large_image\" \/>\n<meta name=\"twitter:label1\" content=\"Estimated reading time\" \/>\n\t<meta name=\"twitter:data1\" content=\"7 minutes\" \/>\n<script type=\"application\/ld+json\" class=\"yoast-schema-graph\">{\"@context\":\"https:\/\/schema.org\",\"@graph\":[{\"@type\":\"WebPage\",\"@id\":\"http:\/\/jovicaprodanovic.com\/en\/izlozbe\/beograd-2011-ministarstvo-spoljnih-poslova\/\",\"url\":\"http:\/\/jovicaprodanovic.com\/en\/izlozbe\/beograd-2011-ministarstvo-spoljnih-poslova\/\",\"name\":\"Belgrade 2011, Ministry of Foreign Affairs - Jovica Prodanovi\u0107\",\"isPartOf\":{\"@id\":\"http:\/\/jovicaprodanovic.com\/en\/#website\"},\"datePublished\":\"2015-10-08T16:31:07+00:00\",\"dateModified\":\"2015-10-11T07:08:24+00:00\",\"breadcrumb\":{\"@id\":\"http:\/\/jovicaprodanovic.com\/en\/izlozbe\/beograd-2011-ministarstvo-spoljnih-poslova\/#breadcrumb\"},\"inLanguage\":\"en-GB\",\"potentialAction\":[{\"@type\":\"ReadAction\",\"target\":[\"http:\/\/jovicaprodanovic.com\/en\/izlozbe\/beograd-2011-ministarstvo-spoljnih-poslova\/\"]}]},{\"@type\":\"BreadcrumbList\",\"@id\":\"http:\/\/jovicaprodanovic.com\/en\/izlozbe\/beograd-2011-ministarstvo-spoljnih-poslova\/#breadcrumb\",\"itemListElement\":[{\"@type\":\"ListItem\",\"position\":1,\"name\":\"Home\",\"item\":\"http:\/\/jovicaprodanovic.com\/en\/\"},{\"@type\":\"ListItem\",\"position\":2,\"name\":\"Exhibitions\",\"item\":\"https:\/\/jovicaprodanovic.com\/en\/izlozbe\/\"},{\"@type\":\"ListItem\",\"position\":3,\"name\":\"Belgrade 2011, Ministry of Foreign Affairs\"}]},{\"@type\":\"WebSite\",\"@id\":\"http:\/\/jovicaprodanovic.com\/en\/#website\",\"url\":\"http:\/\/jovicaprodanovic.com\/en\/\",\"name\":\"Jovica Prodanovi\u0107\",\"description\":\"Exhibition of paintings\",\"potentialAction\":[{\"@type\":\"SearchAction\",\"target\":{\"@type\":\"EntryPoint\",\"urlTemplate\":\"http:\/\/jovicaprodanovic.com\/en\/?s={search_term_string}\"},\"query-input\":\"required name=search_term_string\"}],\"inLanguage\":\"en-GB\"}]}<\/script>\n<!-- \/ Yoast SEO plugin. -->","yoast_head_json":{"title":"Belgrade 2011, Ministry of Foreign Affairs - Jovica Prodanovi\u0107","robots":{"index":"index","follow":"follow","max-snippet":"max-snippet:-1","max-image-preview":"max-image-preview:large","max-video-preview":"max-video-preview:-1"},"canonical":"http:\/\/jovicaprodanovic.com\/en\/izlozbe\/beograd-2011-ministarstvo-spoljnih-poslova\/","og_locale":"en_GB","og_type":"article","og_title":"Belgrade 2011, Ministry of Foreign Affairs - Jovica Prodanovi\u0107","og_url":"http:\/\/jovicaprodanovic.com\/en\/izlozbe\/beograd-2011-ministarstvo-spoljnih-poslova\/","og_site_name":"Jovica Prodanovi\u0107","article_modified_time":"2015-10-11T07:08:24+00:00","og_image":[{"url":"http:\/\/jovicaprodanovic.com\/wp-content\/uploads\/2015\/10\/Jersualem-panorama-1024x768.jpg"}],"twitter_card":"summary_large_image","twitter_misc":{"Estimated reading time":"7 minutes"},"schema":{"@context":"https:\/\/schema.org","@graph":[{"@type":"WebPage","@id":"http:\/\/jovicaprodanovic.com\/en\/izlozbe\/beograd-2011-ministarstvo-spoljnih-poslova\/","url":"http:\/\/jovicaprodanovic.com\/en\/izlozbe\/beograd-2011-ministarstvo-spoljnih-poslova\/","name":"Belgrade 2011, Ministry of Foreign Affairs - Jovica Prodanovi\u0107","isPartOf":{"@id":"http:\/\/jovicaprodanovic.com\/en\/#website"},"datePublished":"2015-10-08T16:31:07+00:00","dateModified":"2015-10-11T07:08:24+00:00","breadcrumb":{"@id":"http:\/\/jovicaprodanovic.com\/en\/izlozbe\/beograd-2011-ministarstvo-spoljnih-poslova\/#breadcrumb"},"inLanguage":"en-GB","potentialAction":[{"@type":"ReadAction","target":["http:\/\/jovicaprodanovic.com\/en\/izlozbe\/beograd-2011-ministarstvo-spoljnih-poslova\/"]}]},{"@type":"BreadcrumbList","@id":"http:\/\/jovicaprodanovic.com\/en\/izlozbe\/beograd-2011-ministarstvo-spoljnih-poslova\/#breadcrumb","itemListElement":[{"@type":"ListItem","position":1,"name":"Home","item":"http:\/\/jovicaprodanovic.com\/en\/"},{"@type":"ListItem","position":2,"name":"Exhibitions","item":"https:\/\/jovicaprodanovic.com\/en\/izlozbe\/"},{"@type":"ListItem","position":3,"name":"Belgrade 2011, Ministry of Foreign Affairs"}]},{"@type":"WebSite","@id":"http:\/\/jovicaprodanovic.com\/en\/#website","url":"http:\/\/jovicaprodanovic.com\/en\/","name":"Jovica Prodanovi\u0107","description":"Exhibition of paintings","potentialAction":[{"@type":"SearchAction","target":{"@type":"EntryPoint","urlTemplate":"http:\/\/jovicaprodanovic.com\/en\/?s={search_term_string}"},"query-input":"required name=search_term_string"}],"inLanguage":"en-GB"}]}},"_links":{"self":[{"href":"http:\/\/jovicaprodanovic.com\/en\/wp-json\/wp\/v2\/pages\/42"}],"collection":[{"href":"http:\/\/jovicaprodanovic.com\/en\/wp-json\/wp\/v2\/pages"}],"about":[{"href":"http:\/\/jovicaprodanovic.com\/en\/wp-json\/wp\/v2\/types\/page"}],"author":[{"embeddable":true,"href":"http:\/\/jovicaprodanovic.com\/en\/wp-json\/wp\/v2\/users\/1"}],"replies":[{"embeddable":true,"href":"http:\/\/jovicaprodanovic.com\/en\/wp-json\/wp\/v2\/comments?post=42"}],"version-history":[{"count":9,"href":"http:\/\/jovicaprodanovic.com\/en\/wp-json\/wp\/v2\/pages\/42\/revisions"}],"predecessor-version":[{"id":383,"href":"http:\/\/jovicaprodanovic.com\/en\/wp-json\/wp\/v2\/pages\/42\/revisions\/383"}],"up":[{"embeddable":true,"href":"http:\/\/jovicaprodanovic.com\/en\/wp-json\/wp\/v2\/pages\/29"}],"wp:attachment":[{"href":"http:\/\/jovicaprodanovic.com\/en\/wp-json\/wp\/v2\/media?parent=42"}],"curies":[{"name":"wp","href":"https:\/\/api.w.org\/{rel}","templated":true}]}}