{"id":406,"date":"2015-10-11T06:43:47","date_gmt":"2015-10-11T06:43:47","guid":{"rendered":"http:\/\/jovicaprodanovic.com\/?page_id=406"},"modified":"2015-10-11T07:07:20","modified_gmt":"2015-10-11T07:07:20","slug":"beograd-1997-kuca-dure-jaksica","status":"publish","type":"page","link":"http:\/\/jovicaprodanovic.com\/en\/izlozbe\/beograd-1997-kuca-dure-jaksica\/","title":{"rendered":"Belgrade 1997, House of \u0110ura Jak\u0161i\u0107"},"content":{"rendered":"<p><strong>Exhibition of paintings of Jovica Prodanovic in the House of Djura Jaskic, Skadarlija, Belgrade, 6 May 1997<\/strong><\/p>\n<p>The exhibition was opened by dr. Rade Bozovic, the head of the Department for Oriental Studies at the Faculty of Liberal Arts in Belgrade, while prof Trifun Damjanovic spoke about the exhibited works.<\/p>\n<div id=\"attachment_327\" style=\"width: 410px\" class=\"wp-caption aligncenter\"><a href=\"http:\/\/jovicaprodanovic.com\/wp-content\/uploads\/2015\/10\/otvaranje-kuca-djure-jaksica.jpg\"><img aria-describedby=\"caption-attachment-327\" decoding=\"async\" loading=\"lazy\" class=\"wp-image-327 size-full\" src=\"http:\/\/jovicaprodanovic.com\/wp-content\/uploads\/2015\/10\/otvaranje-kuca-djure-jaksica.jpg\" alt=\"Exhibition opening in the House of \u0110ura Jak\u0161i\u0107\" width=\"400\" height=\"286\" srcset=\"http:\/\/jovicaprodanovic.com\/wp-content\/uploads\/2015\/10\/otvaranje-kuca-djure-jaksica.jpg 400w, http:\/\/jovicaprodanovic.com\/wp-content\/uploads\/2015\/10\/otvaranje-kuca-djure-jaksica-300x215.jpg 300w\" sizes=\"(max-width: 400px) 100vw, 400px\" \/><\/a><p id=\"caption-attachment-327\" class=\"wp-caption-text\">Exhibition opening in the House of \u0110ura Jak\u0161i\u0107<\/p><\/div>\n<p>\u201cLadies and gentlemen, esteemed colleagues, friends and visitors,<\/p>\n<p>I would like to thank you sincerely for having come to the formal opening of the exhibition of paintings of Jovica Prodanovic.<\/p>\n<p>In particular, I would like to welcome members of the diplomatic corps \u2013 ambassadors, counsellors and others, as well as numerous colleagues from the Federal Ministry of Foreign Affairs, members of the Yugoslav-Arab society, Western Slavonians, friends and acquaintances of the Prodanovic family, other guests, visitors and lovers of art.<br \/>\nI would also like to use this opportunity to warmly thank media representatives who have shown interest in this exhibition.<br \/>\nThe exhibition is named \u201cMemories\u201d a name that was not chosen by chance as it relates to the life of the author and his dedication to painting.<br \/>\nPainting, as all other arts, requires talent and affinity as well as an adequate milieu, strong individuality, motivation and inspiration, as well as more permanent connection to a certain place and social environment.<\/p>\n<p>The latter two conditions, a stability and permanent of place and environment were not present in the life of the author of this exhibition. However, his connection to painting was permanently present regardless of the environment he was in, whether he was watching and gaining experience from others (in France, England, Egypt) or actively creating in the Mediterranean (Algeria), the Gulf (Kuwait), the regions of Konavli, Western Slavonia, Zemun or Belgrade.<\/p>\n<p>Environments in which he created art were marked by their unusual fate. Many of them were affected by the whirlwind of war or serious internal strife. World War Two did not spare Jovica Prodanovic, who lost both parents and spent most of the war in refuge in the mountains of Western Slavonia, Papuk and Psunj. Together with wounded Partisan fighters he was evacuated with airplanes of the British Airforce in 1944 to the already liberated island of Sicily which was under the control of the Allies. The winds of war caught up with him again in Egypt in 1967 and in Kuwait (1984-88) through the direct threat of the Iran-Iraq war. Two years after his departure from the Gulf, Kuwait became directly affected by armed conflict. Armed conflict broke out in 1991, after fifty years, in his native Western Slavonia. The landscapes of Algeria where he painted his most beautiful landscapes became the place of brutal internal reckoning.<\/p>\n<p>Nevertheless, his painter\u2019s palette radiates with optimism, regardless of the space, place and time in which he created.<br \/>\nThe painting opus of the Jovica Prodanovic has a particular expression which moves between realism and impressionism. The observer is in direct contact with his work and its aesthetic content.<\/p>\n<p>It should be mentioned that the academic sculptor Nikola Kecanin, his art teacher in Daruvar, played a special role and had a decisive effect on his permanent dedication to painting.<br \/>\nThe war in the former Yugoslavia stopped Jovica Prodanovic for a while in his creative endeavours, as was the case with numerous other painters and artists.<br \/>\nThe exhibition, whose formal opening we are attending today, in the exceptional ambience and atmosphere of the House of Djura Jaksic,\u00a0 the famous painter and poet, represents the sixth independent exhibition of Jovica\u00a0 Prodanovic. It also signifies the search for new paths in new circumstances.\u201d<\/p>\n<p>Professor Trifun Damjanovi\u0107<\/p>\n<div id=\"attachment_323\" style=\"width: 370px\" class=\"wp-caption aligncenter\"><a href=\"http:\/\/jovicaprodanovic.com\/wp-content\/uploads\/2015\/10\/novine-djura-jaksic-1-Copy.jpg\"><img aria-describedby=\"caption-attachment-323\" decoding=\"async\" loading=\"lazy\" class=\"size-full wp-image-323\" src=\"http:\/\/jovicaprodanovic.com\/wp-content\/uploads\/2015\/10\/novine-djura-jaksic-1-Copy.jpg\" alt=\"Article from the Politika daily newspaper\" width=\"360\" height=\"420\" srcset=\"http:\/\/jovicaprodanovic.com\/wp-content\/uploads\/2015\/10\/novine-djura-jaksic-1-Copy.jpg 360w, http:\/\/jovicaprodanovic.com\/wp-content\/uploads\/2015\/10\/novine-djura-jaksic-1-Copy-257x300.jpg 257w\" sizes=\"(max-width: 360px) 100vw, 360px\" \/><\/a><p id=\"caption-attachment-323\" class=\"wp-caption-text\">Article from the Politika daily newspaper<\/p><\/div>\n<p>________________________________<\/p>\n<p>Read about other exhibitions:<\/p>\n\n<!-- Page-list plugin v.5.6 wordpress.org\/plugins\/page-list\/ -->\n<ul class=\"page-list siblings-page-list \">\n<li class=\"page_item page-item-419\"><a href=\"http:\/\/jovicaprodanovic.com\/en\/izlozbe\/beograd-1982-mala-galerija\/\">Belgrade 1982, Small Gallery<\/a><\/li>\n<li class=\"page_item page-item-415\"><a href=\"http:\/\/jovicaprodanovic.com\/en\/izlozbe\/kuvajt-1988-bouchari-gallery\/\">Kuwait 1988, Bouchari Gallery<\/a><\/li>\n<li class=\"page_item page-item-413\"><a href=\"http:\/\/jovicaprodanovic.com\/en\/izlozbe\/beograd-1989-savezni-sekretarijat-za-inostrane-poslove\/\">Belgrade 1989, Federal Secretariat for Foreign Affairs<\/a><\/li>\n<li class=\"page_item page-item-411\"><a href=\"http:\/\/jovicaprodanovic.com\/en\/izlozbe\/lipik-hrvatska-1990-hotel-lipik\/\">Lipik (Croatia) 1990, Hotel Lipik<\/a><\/li>\n<li class=\"page_item page-item-404\"><a href=\"http:\/\/jovicaprodanovic.com\/en\/izlozbe\/beograd-2001-ruski-dom\/\">Belgrade 2001, Ruski dom<\/a><\/li>\n<li class=\"page_item page-item-402\"><a href=\"http:\/\/jovicaprodanovic.com\/en\/izlozbe\/beograd-2002-sava-centar\/\">Belgrade 2002, Sava Centre<\/a><\/li>\n<li class=\"page_item page-item-400\"><a href=\"http:\/\/jovicaprodanovic.com\/en\/izlozbe\/beograd-2007-ministarstvo-spoljnih-poslova\/\">Belgrade 2007, Ministry of Foreign Affairs<\/a><\/li>\n<li class=\"page_item page-item-398\"><a href=\"http:\/\/jovicaprodanovic.com\/en\/izlozbe\/beograd-2008-jevrejska-opstina\/\">Belgrade 2008, Jewish Community<\/a><\/li>\n<li class=\"page_item page-item-392\"><a href=\"http:\/\/jovicaprodanovic.com\/en\/izlozbe\/zagreb-2008-skd-prosvjeta\/\">Zagreb 2008, Serbian Cultural Society Prosvjeta<\/a><\/li>\n<li class=\"page_item page-item-390\"><a href=\"http:\/\/jovicaprodanovic.com\/en\/izlozbe\/krusedol-2009-manastir-krusedol\/\">Kru\u0161edol 2009, Kru\u0161edol Monastery<\/a><\/li>\n<li class=\"page_item page-item-49\"><a href=\"http:\/\/jovicaprodanovic.com\/en\/izlozbe\/sremski-karlovci-2009-noc-muzeja\/\">Sremski Karlovci 2009, Museum Night<\/a><\/li>\n<li class=\"page_item page-item-44\"><a href=\"http:\/\/jovicaprodanovic.com\/en\/izlozbe\/novi-sad-2009-jevrejska-zajednica\/\">Novi Sad 2009, Jewish Community<\/a><\/li>\n<li class=\"page_item page-item-42\"><a href=\"http:\/\/jovicaprodanovic.com\/en\/izlozbe\/beograd-2011-ministarstvo-spoljnih-poslova\/\">Belgrade 2011, Ministry of Foreign Affairs<\/a><\/li>\n<li class=\"page_item page-item-417\"><a href=\"http:\/\/jovicaprodanovic.com\/en\/izlozbe\/daruvar-hrvatska-1983-kulturni-centar\/\">Daruvar (Croatia) 1983, Cultural Centre<\/a><\/li>\n<li class=\"page_item page-item-37\"><a href=\"http:\/\/jovicaprodanovic.com\/en\/izlozbe\/beograd-2014-ruski-dom\/\">Belgrade 2014, Russian Cultural Centre<\/a><\/li>\n\n<\/ul>\n","protected":false},"excerpt":{"rendered":"<p>Exhibition of paintings of Jovica Prodanovic in the House of Djura Jaskic, Skadarlija, Belgrade, 6 May 1997 The exhibition was opened by dr. Rade Bozovic, the head of the Department for Oriental Studies at the Faculty of Liberal Arts in Belgrade, while prof Trifun Damjanovic spoke about the exhibited works. \u201cLadies and gentlemen, esteemed colleagues, [&hellip;]<\/p>\n","protected":false},"author":1,"featured_media":0,"parent":29,"menu_order":6,"comment_status":"closed","ping_status":"closed","template":"page-templates\/full-width.php","meta":[],"translation":{"provider":"WPGlobus","version":"2.12.2","language":"en","enabled_languages":["sr","en"],"languages":{"sr":{"title":true,"content":true,"excerpt":false},"en":{"title":true,"content":true,"excerpt":false}}},"yoast_head":"<!-- This site is optimized with the Yoast SEO plugin v20.13 - https:\/\/yoast.com\/wordpress\/plugins\/seo\/ -->\n<title>Belgrade 1997, House of \u0110ura Jak\u0161i\u0107 - Jovica Prodanovi\u0107<\/title>\n<meta name=\"robots\" content=\"index, follow, max-snippet:-1, max-image-preview:large, max-video-preview:-1\" \/>\n<link rel=\"canonical\" href=\"http:\/\/jovicaprodanovic.com\/en\/izlozbe\/beograd-1997-kuca-dure-jaksica\/\" \/>\n<meta property=\"og:locale\" content=\"en_GB\" \/>\n<meta property=\"og:type\" content=\"article\" \/>\n<meta property=\"og:title\" content=\"Belgrade 1997, House of \u0110ura Jak\u0161i\u0107 - Jovica Prodanovi\u0107\" \/>\n<meta property=\"og:url\" content=\"http:\/\/jovicaprodanovic.com\/en\/izlozbe\/beograd-1997-kuca-dure-jaksica\/\" \/>\n<meta property=\"og:site_name\" content=\"Jovica Prodanovi\u0107\" \/>\n<meta property=\"article:modified_time\" content=\"2015-10-11T07:07:20+00:00\" \/>\n<meta property=\"og:image\" content=\"http:\/\/jovicaprodanovic.com\/wp-content\/uploads\/2015\/10\/otvaranje-kuca-djure-jaksica.jpg\" \/>\n<meta name=\"twitter:card\" content=\"summary_large_image\" \/>\n<meta name=\"twitter:label1\" content=\"Estimated reading time\" \/>\n\t<meta name=\"twitter:data1\" content=\"6 minutes\" \/>\n<script type=\"application\/ld+json\" class=\"yoast-schema-graph\">{\"@context\":\"https:\/\/schema.org\",\"@graph\":[{\"@type\":\"WebPage\",\"@id\":\"http:\/\/jovicaprodanovic.com\/en\/izlozbe\/beograd-1997-kuca-dure-jaksica\/\",\"url\":\"http:\/\/jovicaprodanovic.com\/en\/izlozbe\/beograd-1997-kuca-dure-jaksica\/\",\"name\":\"Belgrade 1997, House of \u0110ura Jak\u0161i\u0107 - Jovica Prodanovi\u0107\",\"isPartOf\":{\"@id\":\"http:\/\/jovicaprodanovic.com\/#website\"},\"datePublished\":\"2015-10-11T06:43:47+00:00\",\"dateModified\":\"2015-10-11T07:07:20+00:00\",\"breadcrumb\":{\"@id\":\"http:\/\/jovicaprodanovic.com\/en\/izlozbe\/beograd-1997-kuca-dure-jaksica\/#breadcrumb\"},\"inLanguage\":\"en-GB\",\"potentialAction\":[{\"@type\":\"ReadAction\",\"target\":[\"http:\/\/jovicaprodanovic.com\/en\/izlozbe\/beograd-1997-kuca-dure-jaksica\/\"]}]},{\"@type\":\"BreadcrumbList\",\"@id\":\"http:\/\/jovicaprodanovic.com\/en\/izlozbe\/beograd-1997-kuca-dure-jaksica\/#breadcrumb\",\"itemListElement\":[{\"@type\":\"ListItem\",\"position\":1,\"name\":\"Home\",\"item\":\"http:\/\/jovicaprodanovic.com\/\"},{\"@type\":\"ListItem\",\"position\":2,\"name\":\"Exhibitions\",\"item\":\"http:\/\/jovicaprodanovic.com\/en\/izlozbe\/\"},{\"@type\":\"ListItem\",\"position\":3,\"name\":\"Belgrade 1997, House of \u0110ura Jak\u0161i\u0107\"}]},{\"@type\":\"WebSite\",\"@id\":\"http:\/\/jovicaprodanovic.com\/#website\",\"url\":\"http:\/\/jovicaprodanovic.com\/\",\"name\":\"Jovica Prodanovi\u0107\",\"description\":\"Exhibition of paintings\",\"potentialAction\":[{\"@type\":\"SearchAction\",\"target\":{\"@type\":\"EntryPoint\",\"urlTemplate\":\"http:\/\/jovicaprodanovic.com\/?s={search_term_string}\"},\"query-input\":\"required name=search_term_string\"}],\"inLanguage\":\"en-GB\"}]}<\/script>\n<!-- \/ Yoast SEO plugin. -->","yoast_head_json":{"title":"Belgrade 1997, House of \u0110ura Jak\u0161i\u0107 - Jovica Prodanovi\u0107","robots":{"index":"index","follow":"follow","max-snippet":"max-snippet:-1","max-image-preview":"max-image-preview:large","max-video-preview":"max-video-preview:-1"},"canonical":"http:\/\/jovicaprodanovic.com\/en\/izlozbe\/beograd-1997-kuca-dure-jaksica\/","og_locale":"en_GB","og_type":"article","og_title":"Belgrade 1997, House of \u0110ura Jak\u0161i\u0107 - Jovica Prodanovi\u0107","og_url":"http:\/\/jovicaprodanovic.com\/en\/izlozbe\/beograd-1997-kuca-dure-jaksica\/","og_site_name":"Jovica Prodanovi\u0107","article_modified_time":"2015-10-11T07:07:20+00:00","og_image":[{"url":"http:\/\/jovicaprodanovic.com\/wp-content\/uploads\/2015\/10\/otvaranje-kuca-djure-jaksica.jpg"}],"twitter_card":"summary_large_image","twitter_misc":{"Estimated reading time":"6 minutes"},"schema":{"@context":"https:\/\/schema.org","@graph":[{"@type":"WebPage","@id":"http:\/\/jovicaprodanovic.com\/en\/izlozbe\/beograd-1997-kuca-dure-jaksica\/","url":"http:\/\/jovicaprodanovic.com\/en\/izlozbe\/beograd-1997-kuca-dure-jaksica\/","name":"Belgrade 1997, House of \u0110ura Jak\u0161i\u0107 - Jovica Prodanovi\u0107","isPartOf":{"@id":"http:\/\/jovicaprodanovic.com\/#website"},"datePublished":"2015-10-11T06:43:47+00:00","dateModified":"2015-10-11T07:07:20+00:00","breadcrumb":{"@id":"http:\/\/jovicaprodanovic.com\/en\/izlozbe\/beograd-1997-kuca-dure-jaksica\/#breadcrumb"},"inLanguage":"en-GB","potentialAction":[{"@type":"ReadAction","target":["http:\/\/jovicaprodanovic.com\/en\/izlozbe\/beograd-1997-kuca-dure-jaksica\/"]}]},{"@type":"BreadcrumbList","@id":"http:\/\/jovicaprodanovic.com\/en\/izlozbe\/beograd-1997-kuca-dure-jaksica\/#breadcrumb","itemListElement":[{"@type":"ListItem","position":1,"name":"Home","item":"http:\/\/jovicaprodanovic.com\/"},{"@type":"ListItem","position":2,"name":"Exhibitions","item":"http:\/\/jovicaprodanovic.com\/en\/izlozbe\/"},{"@type":"ListItem","position":3,"name":"Belgrade 1997, House of \u0110ura Jak\u0161i\u0107"}]},{"@type":"WebSite","@id":"http:\/\/jovicaprodanovic.com\/#website","url":"http:\/\/jovicaprodanovic.com\/","name":"Jovica Prodanovi\u0107","description":"Exhibition of paintings","potentialAction":[{"@type":"SearchAction","target":{"@type":"EntryPoint","urlTemplate":"http:\/\/jovicaprodanovic.com\/?s={search_term_string}"},"query-input":"required name=search_term_string"}],"inLanguage":"en-GB"}]}},"_links":{"self":[{"href":"http:\/\/jovicaprodanovic.com\/en\/wp-json\/wp\/v2\/pages\/406"}],"collection":[{"href":"http:\/\/jovicaprodanovic.com\/en\/wp-json\/wp\/v2\/pages"}],"about":[{"href":"http:\/\/jovicaprodanovic.com\/en\/wp-json\/wp\/v2\/types\/page"}],"author":[{"embeddable":true,"href":"http:\/\/jovicaprodanovic.com\/en\/wp-json\/wp\/v2\/users\/1"}],"replies":[{"embeddable":true,"href":"http:\/\/jovicaprodanovic.com\/en\/wp-json\/wp\/v2\/comments?post=406"}],"version-history":[{"count":3,"href":"http:\/\/jovicaprodanovic.com\/en\/wp-json\/wp\/v2\/pages\/406\/revisions"}],"predecessor-version":[{"id":410,"href":"http:\/\/jovicaprodanovic.com\/en\/wp-json\/wp\/v2\/pages\/406\/revisions\/410"}],"up":[{"embeddable":true,"href":"http:\/\/jovicaprodanovic.com\/en\/wp-json\/wp\/v2\/pages\/29"}],"wp:attachment":[{"href":"http:\/\/jovicaprodanovic.com\/en\/wp-json\/wp\/v2\/media?parent=406"}],"curies":[{"name":"wp","href":"https:\/\/api.w.org\/{rel}","templated":true}]}}