{"id":400,"date":"2015-10-11T06:30:48","date_gmt":"2015-10-11T06:30:48","guid":{"rendered":"http:\/\/jovicaprodanovic.com\/?page_id=400"},"modified":"2015-10-11T07:07:39","modified_gmt":"2015-10-11T07:07:39","slug":"beograd-2007-ministarstvo-spoljnih-poslova","status":"publish","type":"page","link":"http:\/\/jovicaprodanovic.com\/en\/izlozbe\/beograd-2007-ministarstvo-spoljnih-poslova\/","title":{"rendered":"Belgrade 2007, Ministry of Foreign Affairs"},"content":{"rendered":"<p>The exhibition of paintings by Jovica Prodanovi\u0107 at the Ministry for Foreign Affairs in 2007. za inostrane poslove 2007. godine. The exhibition was opened by Nikola Kusovac, art critic.<\/p>\n<div id=\"attachment_325\" style=\"width: 410px\" class=\"wp-caption aligncenter\"><a href=\"http:\/\/jovicaprodanovic.com\/wp-content\/uploads\/2015\/10\/otvaranje-izlozbe-smip-1.jpg\"><img aria-describedby=\"caption-attachment-325\" decoding=\"async\" loading=\"lazy\" class=\"wp-image-325 size-full\" src=\"http:\/\/jovicaprodanovic.com\/wp-content\/uploads\/2015\/10\/otvaranje-izlozbe-smip-1.jpg\" alt=\"Exhibition opening at the Ministry of Foreign Affairs\" width=\"400\" height=\"274\" srcset=\"http:\/\/jovicaprodanovic.com\/wp-content\/uploads\/2015\/10\/otvaranje-izlozbe-smip-1.jpg 400w, http:\/\/jovicaprodanovic.com\/wp-content\/uploads\/2015\/10\/otvaranje-izlozbe-smip-1-300x206.jpg 300w\" sizes=\"(max-width: 400px) 100vw, 400px\" \/><\/a><p id=\"caption-attachment-325\" class=\"wp-caption-text\">Exhibition opening at the Ministry of Foreign Affairs<\/p><\/div>\n<p><strong>Short excerpt from the review of the latest exhibition of Jovica Prodanovic held at the Ministry of Foreign Affairs from 21 February until 9 March 2007<\/strong><\/p>\n<p>&#8220;\u2026He received his first lessons from the sculptor Nikola Ke\u010danin, who in the post-war [WW2] period produced a number of monumental sculptures. Later, while carefully studying the artistic works of the great masters in our and Western museums, he learned, unerringly and instinctively discovering the essence of art. He mastered the necessary rules of organisation of painting and the knowledge of artistic elements, which represented a stable foundation on which he constructed his personal poetics, where he created works of art in his moments of rest, as a result of his need to immortalise feelings awoken by the beauty or intriguing character of a certain scene.<\/p>\n<p>Landscapes, which are his greatest preoccupation, represent the most significant part of the creative work of Jovica Prodanovi\u0107. He has to a lesser extent created portraits where he has managed to bring the faces and internal lives of his models into well-proportioned plastic harmony, still lives and genre scenes where he has captured lively daily events. By painting portraits or parts of the urban landscape, he has left intimate testimonies on picturesque parts of the former Yugoslavia, Algeria, Kuwait, France and in his most recent works, impressions he gathered during his stay in Jerusalem. With an open mind, observing his surroundings, he has used watercolours, a particular and delicate technique which requires skill, immediacy and spontaneity, as well as pastels and oils with which he has created artwork which reflects the unobtrusive beauty of nature and its noble harmonies of colour\u2026&#8221;<\/p>\n<p>Vera Gruji\u0107<br \/>\nCurator of the National Museum in Belgrade<\/p>\n<p>&nbsp;<\/p>\n<p>&nbsp;<\/p>\n<p>We are again able to meet and enjoy a new opus of visual impressions of the painter and engaged intellectual, Jovica Prodanovi\u0107. Before us are pastels of a painter of expressive sensibility for depicting twinkling light which radiates from stone buildings: the blue greys, rusty reds and ambers of the stone of the ancient biblical city of Jerusalem as steady as the stone from which it was built, destroyed, rebuilt, divided, reconstructed throughout the ages of old and new eras.<\/p>\n<p>The motives of the sunlit pastels of Jovica Prodanovi\u0107 depict the present state of sacral monuments and in that respect, have a documentary value for art historians, architects (conservators, restorators), ethnologists and historians. (Let us remember the drawings of Ljuba Ivanovi\u0107, with motives from Southern Serbia, at the turn of the 19th century). Of the 40 holy registered sites in Jerusalem (although it is unknown how many more biblical archaeology will uncover in the near or more distant future) Jovica Prodanovi\u0107 chose about 20, accessible to visitors and the painter&#8217;s vista.<\/p>\n<p>Today almost every holy site in Jerusalem is marked with a church or chapel and most are related to the apocryphal persons and events from the Bible. Chronologically it is not always easy to determine them. Material remains often leave open questions of authenticity of monuments. In the bimillennium past of Jerusalem, a city on the crossroads of national, religious, political interests and conflict between the East and West, succeeding periods have been strongly reflected on the monumental heritage of modern Jerusalem, divided into the Jewish, Muslim, Christian and Armenian quarters of the city. This led to the construction of temples, basilicas, churches, synagogues, mosques and cathedrals which bear witness to the turbulent history of religious cosmopolitism, often bloodied by politics.<\/p>\n<p>Some of these periods &#8211; Roman, Byzantium, Arab, Crusader and Ottoman \u2013 have been the focus of Jovica Prodanovi\u0107&#8217;s pastels: The Temple Mount &#8211; the Absalom Monolith on the slopes of the Mount of Olives, the period of Solomon&#8217;s First Temple, the first half of the First Millennium BC (later the site of the Dome of the Rock and Al Aqsa Mosque); the period of the Roman occupation \u2013 the wall of Herod the Great (the Wailing Wall), 1st century BC; Dome of the Rock (constructed by Caliph Abdel Malik in 691)- early Arab period, 7th to 11th century, as well as the Al Aqsa Mosque from the same period; the Crusader period, 11th to 12th century \u2013 Church of Mary&#8217;s Tomb.<\/p>\n<p>It is not by coincidence that Jovica Prodanovi\u0107 included the pastel of Yad Vashem among the depicted holies of Jerusalem. This humanist painter seemed to have wished to relay the message of the modern builders of this symbolic monumental mausoleum constructed in 1957 in memory of the Jewish Holocaust in World War Two; united in their suffering nations will march forward, together through life, irrespective of creed, political persuasion and cultural potential.<\/p>\n<p>In Belgrade, September 2007, Miroslava Pani\u0107 \u0160torh<\/p>\n<p>________________________________<\/p>\n<p>Read about other exhibitions:<\/p>\n\n<!-- Page-list plugin v.5.6 wordpress.org\/plugins\/page-list\/ -->\n<ul class=\"page-list siblings-page-list \">\n<li class=\"page_item page-item-419\"><a href=\"http:\/\/jovicaprodanovic.com\/en\/izlozbe\/beograd-1982-mala-galerija\/\">Belgrade 1982, Small Gallery<\/a><\/li>\n<li class=\"page_item page-item-415\"><a href=\"http:\/\/jovicaprodanovic.com\/en\/izlozbe\/kuvajt-1988-bouchari-gallery\/\">Kuwait 1988, Bouchari Gallery<\/a><\/li>\n<li class=\"page_item page-item-413\"><a href=\"http:\/\/jovicaprodanovic.com\/en\/izlozbe\/beograd-1989-savezni-sekretarijat-za-inostrane-poslove\/\">Belgrade 1989, Federal Secretariat for Foreign Affairs<\/a><\/li>\n<li class=\"page_item page-item-411\"><a href=\"http:\/\/jovicaprodanovic.com\/en\/izlozbe\/lipik-hrvatska-1990-hotel-lipik\/\">Lipik (Croatia) 1990, Hotel Lipik<\/a><\/li>\n<li class=\"page_item page-item-406\"><a href=\"http:\/\/jovicaprodanovic.com\/en\/izlozbe\/beograd-1997-kuca-dure-jaksica\/\">Belgrade 1997, House of \u0110ura Jak\u0161i\u0107<\/a><\/li>\n<li class=\"page_item page-item-404\"><a href=\"http:\/\/jovicaprodanovic.com\/en\/izlozbe\/beograd-2001-ruski-dom\/\">Belgrade 2001, Ruski dom<\/a><\/li>\n<li class=\"page_item page-item-402\"><a href=\"http:\/\/jovicaprodanovic.com\/en\/izlozbe\/beograd-2002-sava-centar\/\">Belgrade 2002, Sava Centre<\/a><\/li>\n<li class=\"page_item page-item-398\"><a href=\"http:\/\/jovicaprodanovic.com\/en\/izlozbe\/beograd-2008-jevrejska-opstina\/\">Belgrade 2008, Jewish Community<\/a><\/li>\n<li class=\"page_item page-item-392\"><a href=\"http:\/\/jovicaprodanovic.com\/en\/izlozbe\/zagreb-2008-skd-prosvjeta\/\">Zagreb 2008, Serbian Cultural Society Prosvjeta<\/a><\/li>\n<li class=\"page_item page-item-390\"><a href=\"http:\/\/jovicaprodanovic.com\/en\/izlozbe\/krusedol-2009-manastir-krusedol\/\">Kru\u0161edol 2009, Kru\u0161edol Monastery<\/a><\/li>\n<li class=\"page_item page-item-49\"><a href=\"http:\/\/jovicaprodanovic.com\/en\/izlozbe\/sremski-karlovci-2009-noc-muzeja\/\">Sremski Karlovci 2009, Museum Night<\/a><\/li>\n<li class=\"page_item page-item-44\"><a href=\"http:\/\/jovicaprodanovic.com\/en\/izlozbe\/novi-sad-2009-jevrejska-zajednica\/\">Novi Sad 2009, Jewish Community<\/a><\/li>\n<li class=\"page_item page-item-42\"><a href=\"http:\/\/jovicaprodanovic.com\/en\/izlozbe\/beograd-2011-ministarstvo-spoljnih-poslova\/\">Belgrade 2011, Ministry of Foreign Affairs<\/a><\/li>\n<li class=\"page_item page-item-417\"><a href=\"http:\/\/jovicaprodanovic.com\/en\/izlozbe\/daruvar-hrvatska-1983-kulturni-centar\/\">Daruvar (Croatia) 1983, Cultural Centre<\/a><\/li>\n<li class=\"page_item page-item-37\"><a href=\"http:\/\/jovicaprodanovic.com\/en\/izlozbe\/beograd-2014-ruski-dom\/\">Belgrade 2014, Russian Cultural Centre<\/a><\/li>\n\n<\/ul>\n","protected":false},"excerpt":{"rendered":"<p>The exhibition of paintings by Jovica Prodanovi\u0107 at the Ministry for Foreign Affairs in 2007. za inostrane poslove 2007. godine. The exhibition was opened by Nikola Kusovac, art critic. Short excerpt from the review of the latest exhibition of Jovica Prodanovic held at the Ministry of Foreign Affairs from 21 February until 9 March 2007 [&hellip;]<\/p>\n","protected":false},"author":1,"featured_media":0,"parent":29,"menu_order":9,"comment_status":"closed","ping_status":"closed","template":"page-templates\/full-width.php","meta":[],"translation":{"provider":"WPGlobus","version":"2.12.2","language":"en","enabled_languages":["sr","en"],"languages":{"sr":{"title":true,"content":true,"excerpt":false},"en":{"title":true,"content":true,"excerpt":false}}},"yoast_head":"<!-- This site is optimized with the Yoast SEO plugin v20.13 - https:\/\/yoast.com\/wordpress\/plugins\/seo\/ -->\n<title>Belgrade 2007, Ministry of Foreign Affairs - Jovica Prodanovi\u0107<\/title>\n<meta name=\"robots\" content=\"index, follow, max-snippet:-1, max-image-preview:large, max-video-preview:-1\" \/>\n<link rel=\"canonical\" href=\"https:\/\/jovicaprodanovic.com\/en\/izlozbe\/beograd-2007-ministarstvo-spoljnih-poslova\/\" \/>\n<meta property=\"og:locale\" content=\"en_GB\" \/>\n<meta property=\"og:type\" content=\"article\" \/>\n<meta property=\"og:title\" content=\"Belgrade 2007, Ministry of Foreign Affairs - Jovica Prodanovi\u0107\" \/>\n<meta property=\"og:url\" content=\"https:\/\/jovicaprodanovic.com\/en\/izlozbe\/beograd-2007-ministarstvo-spoljnih-poslova\/\" \/>\n<meta property=\"og:site_name\" content=\"Jovica Prodanovi\u0107\" \/>\n<meta property=\"article:modified_time\" content=\"2015-10-11T07:07:39+00:00\" \/>\n<meta property=\"og:image\" content=\"http:\/\/jovicaprodanovic.com\/wp-content\/uploads\/2015\/10\/otvaranje-izlozbe-smip-1.jpg\" \/>\n<meta name=\"twitter:card\" content=\"summary_large_image\" \/>\n<meta name=\"twitter:label1\" content=\"Estimated reading time\" \/>\n\t<meta name=\"twitter:data1\" content=\"8 minutes\" \/>\n<script type=\"application\/ld+json\" class=\"yoast-schema-graph\">{\"@context\":\"https:\/\/schema.org\",\"@graph\":[{\"@type\":\"WebPage\",\"@id\":\"https:\/\/jovicaprodanovic.com\/en\/izlozbe\/beograd-2007-ministarstvo-spoljnih-poslova\/\",\"url\":\"https:\/\/jovicaprodanovic.com\/en\/izlozbe\/beograd-2007-ministarstvo-spoljnih-poslova\/\",\"name\":\"Belgrade 2007, Ministry of Foreign Affairs - Jovica Prodanovi\u0107\",\"isPartOf\":{\"@id\":\"http:\/\/jovicaprodanovic.com\/en\/#website\"},\"datePublished\":\"2015-10-11T06:30:48+00:00\",\"dateModified\":\"2015-10-11T07:07:39+00:00\",\"breadcrumb\":{\"@id\":\"https:\/\/jovicaprodanovic.com\/en\/izlozbe\/beograd-2007-ministarstvo-spoljnih-poslova\/#breadcrumb\"},\"inLanguage\":\"en-GB\",\"potentialAction\":[{\"@type\":\"ReadAction\",\"target\":[\"https:\/\/jovicaprodanovic.com\/en\/izlozbe\/beograd-2007-ministarstvo-spoljnih-poslova\/\"]}]},{\"@type\":\"BreadcrumbList\",\"@id\":\"https:\/\/jovicaprodanovic.com\/en\/izlozbe\/beograd-2007-ministarstvo-spoljnih-poslova\/#breadcrumb\",\"itemListElement\":[{\"@type\":\"ListItem\",\"position\":1,\"name\":\"Home\",\"item\":\"http:\/\/jovicaprodanovic.com\/en\/\"},{\"@type\":\"ListItem\",\"position\":2,\"name\":\"Exhibitions\",\"item\":\"https:\/\/jovicaprodanovic.com\/en\/izlozbe\/\"},{\"@type\":\"ListItem\",\"position\":3,\"name\":\"Belgrade 2007, Ministry of Foreign Affairs\"}]},{\"@type\":\"WebSite\",\"@id\":\"http:\/\/jovicaprodanovic.com\/en\/#website\",\"url\":\"http:\/\/jovicaprodanovic.com\/en\/\",\"name\":\"Jovica Prodanovi\u0107\",\"description\":\"Exhibition of paintings\",\"potentialAction\":[{\"@type\":\"SearchAction\",\"target\":{\"@type\":\"EntryPoint\",\"urlTemplate\":\"http:\/\/jovicaprodanovic.com\/en\/?s={search_term_string}\"},\"query-input\":\"required name=search_term_string\"}],\"inLanguage\":\"en-GB\"}]}<\/script>\n<!-- \/ Yoast SEO plugin. -->","yoast_head_json":{"title":"Belgrade 2007, Ministry of Foreign Affairs - Jovica Prodanovi\u0107","robots":{"index":"index","follow":"follow","max-snippet":"max-snippet:-1","max-image-preview":"max-image-preview:large","max-video-preview":"max-video-preview:-1"},"canonical":"https:\/\/jovicaprodanovic.com\/en\/izlozbe\/beograd-2007-ministarstvo-spoljnih-poslova\/","og_locale":"en_GB","og_type":"article","og_title":"Belgrade 2007, Ministry of Foreign Affairs - Jovica Prodanovi\u0107","og_url":"https:\/\/jovicaprodanovic.com\/en\/izlozbe\/beograd-2007-ministarstvo-spoljnih-poslova\/","og_site_name":"Jovica Prodanovi\u0107","article_modified_time":"2015-10-11T07:07:39+00:00","og_image":[{"url":"http:\/\/jovicaprodanovic.com\/wp-content\/uploads\/2015\/10\/otvaranje-izlozbe-smip-1.jpg"}],"twitter_card":"summary_large_image","twitter_misc":{"Estimated reading time":"8 minutes"},"schema":{"@context":"https:\/\/schema.org","@graph":[{"@type":"WebPage","@id":"https:\/\/jovicaprodanovic.com\/en\/izlozbe\/beograd-2007-ministarstvo-spoljnih-poslova\/","url":"https:\/\/jovicaprodanovic.com\/en\/izlozbe\/beograd-2007-ministarstvo-spoljnih-poslova\/","name":"Belgrade 2007, Ministry of Foreign Affairs - Jovica Prodanovi\u0107","isPartOf":{"@id":"http:\/\/jovicaprodanovic.com\/en\/#website"},"datePublished":"2015-10-11T06:30:48+00:00","dateModified":"2015-10-11T07:07:39+00:00","breadcrumb":{"@id":"https:\/\/jovicaprodanovic.com\/en\/izlozbe\/beograd-2007-ministarstvo-spoljnih-poslova\/#breadcrumb"},"inLanguage":"en-GB","potentialAction":[{"@type":"ReadAction","target":["https:\/\/jovicaprodanovic.com\/en\/izlozbe\/beograd-2007-ministarstvo-spoljnih-poslova\/"]}]},{"@type":"BreadcrumbList","@id":"https:\/\/jovicaprodanovic.com\/en\/izlozbe\/beograd-2007-ministarstvo-spoljnih-poslova\/#breadcrumb","itemListElement":[{"@type":"ListItem","position":1,"name":"Home","item":"http:\/\/jovicaprodanovic.com\/en\/"},{"@type":"ListItem","position":2,"name":"Exhibitions","item":"https:\/\/jovicaprodanovic.com\/en\/izlozbe\/"},{"@type":"ListItem","position":3,"name":"Belgrade 2007, Ministry of Foreign Affairs"}]},{"@type":"WebSite","@id":"http:\/\/jovicaprodanovic.com\/en\/#website","url":"http:\/\/jovicaprodanovic.com\/en\/","name":"Jovica Prodanovi\u0107","description":"Exhibition of paintings","potentialAction":[{"@type":"SearchAction","target":{"@type":"EntryPoint","urlTemplate":"http:\/\/jovicaprodanovic.com\/en\/?s={search_term_string}"},"query-input":"required name=search_term_string"}],"inLanguage":"en-GB"}]}},"_links":{"self":[{"href":"http:\/\/jovicaprodanovic.com\/en\/wp-json\/wp\/v2\/pages\/400"}],"collection":[{"href":"http:\/\/jovicaprodanovic.com\/en\/wp-json\/wp\/v2\/pages"}],"about":[{"href":"http:\/\/jovicaprodanovic.com\/en\/wp-json\/wp\/v2\/types\/page"}],"author":[{"embeddable":true,"href":"http:\/\/jovicaprodanovic.com\/en\/wp-json\/wp\/v2\/users\/1"}],"replies":[{"embeddable":true,"href":"http:\/\/jovicaprodanovic.com\/en\/wp-json\/wp\/v2\/comments?post=400"}],"version-history":[{"count":1,"href":"http:\/\/jovicaprodanovic.com\/en\/wp-json\/wp\/v2\/pages\/400\/revisions"}],"predecessor-version":[{"id":401,"href":"http:\/\/jovicaprodanovic.com\/en\/wp-json\/wp\/v2\/pages\/400\/revisions\/401"}],"up":[{"embeddable":true,"href":"http:\/\/jovicaprodanovic.com\/en\/wp-json\/wp\/v2\/pages\/29"}],"wp:attachment":[{"href":"http:\/\/jovicaprodanovic.com\/en\/wp-json\/wp\/v2\/media?parent=400"}],"curies":[{"name":"wp","href":"https:\/\/api.w.org\/{rel}","templated":true}]}}