{"id":392,"date":"2015-10-11T06:14:45","date_gmt":"2015-10-11T06:14:45","guid":{"rendered":"http:\/\/jovicaprodanovic.com\/?page_id=392"},"modified":"2015-10-11T08:22:51","modified_gmt":"2015-10-11T08:22:51","slug":"zagreb-2008-skd-prosvjeta","status":"publish","type":"page","link":"http:\/\/jovicaprodanovic.com\/en\/izlozbe\/zagreb-2008-skd-prosvjeta\/","title":{"rendered":"Zagreb 2008, Serbian Cultural Society Prosvjeta"},"content":{"rendered":"<div id=\"attachment_329\" style=\"width: 410px\" class=\"wp-caption aligncenter\"><a href=\"http:\/\/jovicaprodanovic.com\/wp-content\/uploads\/2015\/10\/Prosvjeta-3.jpg\"><img aria-describedby=\"caption-attachment-329\" decoding=\"async\" loading=\"lazy\" class=\"size-full wp-image-329\" src=\"http:\/\/jovicaprodanovic.com\/wp-content\/uploads\/2015\/10\/Prosvjeta-3.jpg\" alt=\"From the Zagreb exhibition\" width=\"400\" height=\"300\" srcset=\"http:\/\/jovicaprodanovic.com\/wp-content\/uploads\/2015\/10\/Prosvjeta-3.jpg 400w, http:\/\/jovicaprodanovic.com\/wp-content\/uploads\/2015\/10\/Prosvjeta-3-300x225.jpg 300w\" sizes=\"(max-width: 400px) 100vw, 400px\" \/><\/a><p id=\"caption-attachment-329\" class=\"wp-caption-text\">From the Zagreb exhibition<\/p><\/div>\n<p>The exhibition of paintings by Jovica Prodanovi\u0107 in Zagreb, at the Serbian Cultural Society &#8220;Prosvjeta&#8221; in 2008 was opened by Milo\u0161 Popovi\u0107, an academic sculptor. He also spoke about the exhibition. The opening was attended by around 70 people.<\/p>\n<div id=\"attachment_331\" style=\"width: 410px\" class=\"wp-caption aligncenter\"><a href=\"http:\/\/jovicaprodanovic.com\/wp-content\/uploads\/2015\/10\/Prosvjeta-clanak2.jpg\"><img aria-describedby=\"caption-attachment-331\" decoding=\"async\" loading=\"lazy\" class=\"size-full wp-image-331\" src=\"http:\/\/jovicaprodanovic.com\/wp-content\/uploads\/2015\/10\/Prosvjeta-clanak2.jpg\" alt=\"Press clipping\" width=\"400\" height=\"550\" srcset=\"http:\/\/jovicaprodanovic.com\/wp-content\/uploads\/2015\/10\/Prosvjeta-clanak2.jpg 400w, http:\/\/jovicaprodanovic.com\/wp-content\/uploads\/2015\/10\/Prosvjeta-clanak2-218x300.jpg 218w\" sizes=\"(max-width: 400px) 100vw, 400px\" \/><\/a><p id=\"caption-attachment-331\" class=\"wp-caption-text\">Press clipping<\/p><\/div>\n<p>________________________________<\/p>\n<p>Read about other exhibitions:<\/p>\n\n<!-- Page-list plugin v.5.6 wordpress.org\/plugins\/page-list\/ -->\n<ul class=\"page-list siblings-page-list \">\n<li class=\"page_item page-item-419\"><a href=\"http:\/\/jovicaprodanovic.com\/en\/izlozbe\/beograd-1982-mala-galerija\/\">Belgrade 1982, Small Gallery<\/a><\/li>\n<li class=\"page_item page-item-415\"><a href=\"http:\/\/jovicaprodanovic.com\/en\/izlozbe\/kuvajt-1988-bouchari-gallery\/\">Kuwait 1988, Bouchari Gallery<\/a><\/li>\n<li class=\"page_item page-item-413\"><a href=\"http:\/\/jovicaprodanovic.com\/en\/izlozbe\/beograd-1989-savezni-sekretarijat-za-inostrane-poslove\/\">Belgrade 1989, Federal Secretariat for Foreign Affairs<\/a><\/li>\n<li class=\"page_item page-item-411\"><a href=\"http:\/\/jovicaprodanovic.com\/en\/izlozbe\/lipik-hrvatska-1990-hotel-lipik\/\">Lipik (Croatia) 1990, Hotel Lipik<\/a><\/li>\n<li class=\"page_item page-item-406\"><a href=\"http:\/\/jovicaprodanovic.com\/en\/izlozbe\/beograd-1997-kuca-dure-jaksica\/\">Belgrade 1997, House of \u0110ura Jak\u0161i\u0107<\/a><\/li>\n<li class=\"page_item page-item-404\"><a href=\"http:\/\/jovicaprodanovic.com\/en\/izlozbe\/beograd-2001-ruski-dom\/\">Belgrade 2001, Ruski dom<\/a><\/li>\n<li class=\"page_item page-item-402\"><a href=\"http:\/\/jovicaprodanovic.com\/en\/izlozbe\/beograd-2002-sava-centar\/\">Belgrade 2002, Sava Centre<\/a><\/li>\n<li class=\"page_item page-item-400\"><a href=\"http:\/\/jovicaprodanovic.com\/en\/izlozbe\/beograd-2007-ministarstvo-spoljnih-poslova\/\">Belgrade 2007, Ministry of Foreign Affairs<\/a><\/li>\n<li class=\"page_item page-item-398\"><a href=\"http:\/\/jovicaprodanovic.com\/en\/izlozbe\/beograd-2008-jevrejska-opstina\/\">Belgrade 2008, Jewish Community<\/a><\/li>\n<li class=\"page_item page-item-390\"><a href=\"http:\/\/jovicaprodanovic.com\/en\/izlozbe\/krusedol-2009-manastir-krusedol\/\">Kru\u0161edol 2009, Kru\u0161edol Monastery<\/a><\/li>\n<li class=\"page_item page-item-49\"><a href=\"http:\/\/jovicaprodanovic.com\/en\/izlozbe\/sremski-karlovci-2009-noc-muzeja\/\">Sremski Karlovci 2009, Museum Night<\/a><\/li>\n<li class=\"page_item page-item-44\"><a href=\"http:\/\/jovicaprodanovic.com\/en\/izlozbe\/novi-sad-2009-jevrejska-zajednica\/\">Novi Sad 2009, Jewish Community<\/a><\/li>\n<li class=\"page_item page-item-42\"><a href=\"http:\/\/jovicaprodanovic.com\/en\/izlozbe\/beograd-2011-ministarstvo-spoljnih-poslova\/\">Belgrade 2011, Ministry of Foreign Affairs<\/a><\/li>\n<li class=\"page_item page-item-417\"><a href=\"http:\/\/jovicaprodanovic.com\/en\/izlozbe\/daruvar-hrvatska-1983-kulturni-centar\/\">Daruvar (Croatia) 1983, Cultural Centre<\/a><\/li>\n<li class=\"page_item page-item-37\"><a href=\"http:\/\/jovicaprodanovic.com\/en\/izlozbe\/beograd-2014-ruski-dom\/\">Belgrade 2014, Russian Cultural Centre<\/a><\/li>\n\n<\/ul>\n","protected":false},"excerpt":{"rendered":"<p>The exhibition of paintings by Jovica Prodanovi\u0107 in Zagreb, at the Serbian Cultural Society &#8220;Prosvjeta&#8221; in 2008 was opened by Milo\u0161 Popovi\u0107, an academic sculptor. He also spoke about the exhibition. The opening was attended by around 70 people. ________________________________ Read about other exhibitions:<\/p>\n","protected":false},"author":1,"featured_media":0,"parent":29,"menu_order":11,"comment_status":"closed","ping_status":"closed","template":"page-templates\/full-width.php","meta":[],"translation":{"provider":"WPGlobus","version":"2.12.2","language":"en","enabled_languages":["sr","en"],"languages":{"sr":{"title":true,"content":true,"excerpt":false},"en":{"title":true,"content":true,"excerpt":false}}},"yoast_head":"<!-- This site is optimized with the Yoast SEO plugin v20.13 - https:\/\/yoast.com\/wordpress\/plugins\/seo\/ -->\n<title>Zagreb 2008, Serbian Cultural Society Prosvjeta - Jovica Prodanovi\u0107<\/title>\n<meta name=\"robots\" content=\"index, follow, max-snippet:-1, max-image-preview:large, max-video-preview:-1\" \/>\n<link rel=\"canonical\" href=\"http:\/\/jovicaprodanovic.com\/en\/izlozbe\/zagreb-2008-skd-prosvjeta\/\" \/>\n<meta property=\"og:locale\" content=\"en_GB\" \/>\n<meta property=\"og:type\" content=\"article\" \/>\n<meta property=\"og:title\" content=\"Zagreb 2008, Serbian Cultural Society Prosvjeta - Jovica Prodanovi\u0107\" \/>\n<meta property=\"og:url\" content=\"http:\/\/jovicaprodanovic.com\/en\/izlozbe\/zagreb-2008-skd-prosvjeta\/\" \/>\n<meta property=\"og:site_name\" content=\"Jovica Prodanovi\u0107\" \/>\n<meta property=\"article:modified_time\" content=\"2015-10-11T08:22:51+00:00\" \/>\n<meta property=\"og:image\" content=\"http:\/\/jovicaprodanovic.com\/wp-content\/uploads\/2015\/10\/Prosvjeta-3.jpg\" \/>\n<meta name=\"twitter:card\" content=\"summary_large_image\" \/>\n<meta name=\"twitter:label1\" content=\"Estimated reading time\" \/>\n\t<meta name=\"twitter:data1\" content=\"1 minute\" \/>\n<script type=\"application\/ld+json\" class=\"yoast-schema-graph\">{\"@context\":\"https:\/\/schema.org\",\"@graph\":[{\"@type\":\"WebPage\",\"@id\":\"http:\/\/jovicaprodanovic.com\/en\/izlozbe\/zagreb-2008-skd-prosvjeta\/\",\"url\":\"http:\/\/jovicaprodanovic.com\/en\/izlozbe\/zagreb-2008-skd-prosvjeta\/\",\"name\":\"Zagreb 2008, Serbian Cultural Society Prosvjeta - Jovica Prodanovi\u0107\",\"isPartOf\":{\"@id\":\"http:\/\/jovicaprodanovic.com\/en\/#website\"},\"datePublished\":\"2015-10-11T06:14:45+00:00\",\"dateModified\":\"2015-10-11T08:22:51+00:00\",\"breadcrumb\":{\"@id\":\"http:\/\/jovicaprodanovic.com\/en\/izlozbe\/zagreb-2008-skd-prosvjeta\/#breadcrumb\"},\"inLanguage\":\"en-GB\",\"potentialAction\":[{\"@type\":\"ReadAction\",\"target\":[\"http:\/\/jovicaprodanovic.com\/en\/izlozbe\/zagreb-2008-skd-prosvjeta\/\"]}]},{\"@type\":\"BreadcrumbList\",\"@id\":\"http:\/\/jovicaprodanovic.com\/en\/izlozbe\/zagreb-2008-skd-prosvjeta\/#breadcrumb\",\"itemListElement\":[{\"@type\":\"ListItem\",\"position\":1,\"name\":\"Home\",\"item\":\"http:\/\/jovicaprodanovic.com\/en\/\"},{\"@type\":\"ListItem\",\"position\":2,\"name\":\"Exhibitions\",\"item\":\"https:\/\/jovicaprodanovic.com\/en\/izlozbe\/\"},{\"@type\":\"ListItem\",\"position\":3,\"name\":\"Zagreb 2008, Serbian Cultural Society Prosvjeta\"}]},{\"@type\":\"WebSite\",\"@id\":\"http:\/\/jovicaprodanovic.com\/en\/#website\",\"url\":\"http:\/\/jovicaprodanovic.com\/en\/\",\"name\":\"Jovica Prodanovi\u0107\",\"description\":\"Exhibition of paintings\",\"potentialAction\":[{\"@type\":\"SearchAction\",\"target\":{\"@type\":\"EntryPoint\",\"urlTemplate\":\"http:\/\/jovicaprodanovic.com\/en\/?s={search_term_string}\"},\"query-input\":\"required name=search_term_string\"}],\"inLanguage\":\"en-GB\"}]}<\/script>\n<!-- \/ Yoast SEO plugin. -->","yoast_head_json":{"title":"Zagreb 2008, Serbian Cultural Society Prosvjeta - Jovica Prodanovi\u0107","robots":{"index":"index","follow":"follow","max-snippet":"max-snippet:-1","max-image-preview":"max-image-preview:large","max-video-preview":"max-video-preview:-1"},"canonical":"http:\/\/jovicaprodanovic.com\/en\/izlozbe\/zagreb-2008-skd-prosvjeta\/","og_locale":"en_GB","og_type":"article","og_title":"Zagreb 2008, Serbian Cultural Society Prosvjeta - Jovica Prodanovi\u0107","og_url":"http:\/\/jovicaprodanovic.com\/en\/izlozbe\/zagreb-2008-skd-prosvjeta\/","og_site_name":"Jovica Prodanovi\u0107","article_modified_time":"2015-10-11T08:22:51+00:00","og_image":[{"url":"http:\/\/jovicaprodanovic.com\/wp-content\/uploads\/2015\/10\/Prosvjeta-3.jpg"}],"twitter_card":"summary_large_image","twitter_misc":{"Estimated reading time":"1 minute"},"schema":{"@context":"https:\/\/schema.org","@graph":[{"@type":"WebPage","@id":"http:\/\/jovicaprodanovic.com\/en\/izlozbe\/zagreb-2008-skd-prosvjeta\/","url":"http:\/\/jovicaprodanovic.com\/en\/izlozbe\/zagreb-2008-skd-prosvjeta\/","name":"Zagreb 2008, Serbian Cultural Society Prosvjeta - Jovica Prodanovi\u0107","isPartOf":{"@id":"http:\/\/jovicaprodanovic.com\/en\/#website"},"datePublished":"2015-10-11T06:14:45+00:00","dateModified":"2015-10-11T08:22:51+00:00","breadcrumb":{"@id":"http:\/\/jovicaprodanovic.com\/en\/izlozbe\/zagreb-2008-skd-prosvjeta\/#breadcrumb"},"inLanguage":"en-GB","potentialAction":[{"@type":"ReadAction","target":["http:\/\/jovicaprodanovic.com\/en\/izlozbe\/zagreb-2008-skd-prosvjeta\/"]}]},{"@type":"BreadcrumbList","@id":"http:\/\/jovicaprodanovic.com\/en\/izlozbe\/zagreb-2008-skd-prosvjeta\/#breadcrumb","itemListElement":[{"@type":"ListItem","position":1,"name":"Home","item":"http:\/\/jovicaprodanovic.com\/en\/"},{"@type":"ListItem","position":2,"name":"Exhibitions","item":"https:\/\/jovicaprodanovic.com\/en\/izlozbe\/"},{"@type":"ListItem","position":3,"name":"Zagreb 2008, Serbian Cultural Society Prosvjeta"}]},{"@type":"WebSite","@id":"http:\/\/jovicaprodanovic.com\/en\/#website","url":"http:\/\/jovicaprodanovic.com\/en\/","name":"Jovica Prodanovi\u0107","description":"Exhibition of paintings","potentialAction":[{"@type":"SearchAction","target":{"@type":"EntryPoint","urlTemplate":"http:\/\/jovicaprodanovic.com\/en\/?s={search_term_string}"},"query-input":"required name=search_term_string"}],"inLanguage":"en-GB"}]}},"_links":{"self":[{"href":"http:\/\/jovicaprodanovic.com\/en\/wp-json\/wp\/v2\/pages\/392"}],"collection":[{"href":"http:\/\/jovicaprodanovic.com\/en\/wp-json\/wp\/v2\/pages"}],"about":[{"href":"http:\/\/jovicaprodanovic.com\/en\/wp-json\/wp\/v2\/types\/page"}],"author":[{"embeddable":true,"href":"http:\/\/jovicaprodanovic.com\/en\/wp-json\/wp\/v2\/users\/1"}],"replies":[{"embeddable":true,"href":"http:\/\/jovicaprodanovic.com\/en\/wp-json\/wp\/v2\/comments?post=392"}],"version-history":[{"count":8,"href":"http:\/\/jovicaprodanovic.com\/en\/wp-json\/wp\/v2\/pages\/392\/revisions"}],"predecessor-version":[{"id":423,"href":"http:\/\/jovicaprodanovic.com\/en\/wp-json\/wp\/v2\/pages\/392\/revisions\/423"}],"up":[{"embeddable":true,"href":"http:\/\/jovicaprodanovic.com\/en\/wp-json\/wp\/v2\/pages\/29"}],"wp:attachment":[{"href":"http:\/\/jovicaprodanovic.com\/en\/wp-json\/wp\/v2\/media?parent=392"}],"curies":[{"name":"wp","href":"https:\/\/api.w.org\/{rel}","templated":true}]}}