{"id":29,"date":"2015-10-08T16:04:39","date_gmt":"2015-10-08T16:04:39","guid":{"rendered":"http:\/\/jovicaprodanovic.com\/?page_id=29"},"modified":"2015-10-14T08:37:13","modified_gmt":"2015-10-14T08:37:13","slug":"izlozbe","status":"publish","type":"page","link":"http:\/\/jovicaprodanovic.com\/en\/izlozbe\/","title":{"rendered":"Exhibitions"},"content":{"rendered":"<p>Here you can read about the exhibitions of Jovica Prodanovi\u0107<\/p>\n\n<!-- Page-list plugin v.5.6 wordpress.org\/plugins\/page-list\/ -->\n<div class=\"page-list page-list-ext \">\n<div class=\"page-list-ext-item\"><div class=\"page-list-ext-image\"><a href=\"http:\/\/jovicaprodanovic.com\/en\/izlozbe\/beograd-1982-mala-galerija\/\" title=\"Belgrade 1982, Small Gallery\"><img src=\"http:\/\/jovicaprodanovic.com\/wp-content\/uploads\/2015\/10\/524012_ckd-kt-4-general-zdanova-1987-foto-arhiv-gsp-beograd_f.jpg\" width=\"150\" alt=\"Belgrade 1982, Small Gallery\" \/><\/a><\/div> <h3 class=\"page-list-ext-title\"><a href=\"http:\/\/jovicaprodanovic.com\/en\/izlozbe\/beograd-1982-mala-galerija\/\" title=\"Belgrade 1982, Small Gallery\">Belgrade 1982, Small Gallery<\/a><\/h3><div class=\"page-list-ext-item-content\">The exhibition of paintings by Jovica Prodanovi\u0107 at the Small Gallery in Belgrade, 1982.\r\n\r\n\r\n\r\nThe Small Gallery was situated in 74, General \u017ddanova S...<\/div><\/div>\n<div class=\"page-list-ext-item\"><div class=\"page-list-ext-image\"><a href=\"http:\/\/jovicaprodanovic.com\/en\/izlozbe\/kuvajt-1988-bouchari-gallery\/\" title=\"Kuwait 1988, Bouchari Gallery\"><img src=\"http:\/\/jovicaprodanovic.com\/wp-content\/uploads\/2015\/10\/novine-kuvajt-9-Copy.jpg\" width=\"150\" alt=\"Kuwait 1988, Bouchari Gallery\" \/><\/a><\/div> <h3 class=\"page-list-ext-title\"><a href=\"http:\/\/jovicaprodanovic.com\/en\/izlozbe\/kuvajt-1988-bouchari-gallery\/\" title=\"Kuwait 1988, Bouchari Gallery\">Kuwait 1988, Bouchari Gallery<\/a><\/h3><div class=\"page-list-ext-item-content\">The exhibition of paintings by Jovica Prodanovi\u0107 at the \"Bouchari gallery\" in Kuwait, in 1988, which received media attention from all of Kuwait's daily ...<\/div><\/div>\n<div class=\"page-list-ext-item\"><div class=\"page-list-ext-image\"><a href=\"http:\/\/jovicaprodanovic.com\/en\/izlozbe\/beograd-1989-savezni-sekretarijat-za-inostrane-poslove\/\" title=\"Belgrade 1989, Federal Secretariat for Foreign Affairs\"><img src=\"http:\/\/jovicaprodanovic.com\/wp-content\/uploads\/2015\/10\/ssip-katalog-1.jpg\" width=\"150\" alt=\"Belgrade 1989, Federal Secretariat for Foreign Affairs\" \/><\/a><\/div> <h3 class=\"page-list-ext-title\"><a href=\"http:\/\/jovicaprodanovic.com\/en\/izlozbe\/beograd-1989-savezni-sekretarijat-za-inostrane-poslove\/\" title=\"Belgrade 1989, Federal Secretariat for Foreign Affairs\">Belgrade 1989, Federal Secretariat for Foreign Affairs<\/a><\/h3><div class=\"page-list-ext-item-content\">The exhibition of paintings by Jovica Prodanovi\u0107 in the Federal Secretariat for Foreign Affairs in Belgrade - Hall for Press Conferences, in 1989. The ...<\/div><\/div>\n<div class=\"page-list-ext-item\"><div class=\"page-list-ext-image\"><a href=\"http:\/\/jovicaprodanovic.com\/en\/izlozbe\/lipik-hrvatska-1990-hotel-lipik\/\" title=\"Lipik (Croatia) 1990, Hotel Lipik\"><img src=\"http:\/\/jovicaprodanovic.com\/wp-content\/uploads\/2015\/10\/lipik-1-Copy.jpg\" width=\"150\" alt=\"Lipik (Croatia) 1990, Hotel Lipik\" \/><\/a><\/div> <h3 class=\"page-list-ext-title\"><a href=\"http:\/\/jovicaprodanovic.com\/en\/izlozbe\/lipik-hrvatska-1990-hotel-lipik\/\" title=\"Lipik (Croatia) 1990, Hotel Lipik\">Lipik (Croatia) 1990, Hotel Lipik<\/a><\/h3><div class=\"page-list-ext-item-content\">The exhibition of paintings by Jovice Prodanovi\u0107 at the Hotel \"Lipik\" in Lipik (Croatia) in 1990. Jovica dedicated this exhibition to his parents, father ...<\/div><\/div>\n<div class=\"page-list-ext-item\"><div class=\"page-list-ext-image\"><a href=\"http:\/\/jovicaprodanovic.com\/en\/izlozbe\/beograd-1997-kuca-dure-jaksica\/\" title=\"Belgrade 1997, House of \u0110ura Jak\u0161i\u0107\"><img src=\"http:\/\/jovicaprodanovic.com\/wp-content\/uploads\/2015\/10\/otvaranje-kuca-djure-jaksica.jpg\" width=\"150\" alt=\"Belgrade 1997, House of \u0110ura Jak\u0161i\u0107\" \/><\/a><\/div> <h3 class=\"page-list-ext-title\"><a href=\"http:\/\/jovicaprodanovic.com\/en\/izlozbe\/beograd-1997-kuca-dure-jaksica\/\" title=\"Belgrade 1997, House of \u0110ura Jak\u0161i\u0107\">Belgrade 1997, House of \u0110ura Jak\u0161i\u0107<\/a><\/h3><div class=\"page-list-ext-item-content\">Exhibition of paintings of Jovica Prodanovic in the House of Djura Jaskic, Skadarlija, Belgrade, 6 May 1997 \r\n\r\nThe exhibition was opened by dr. Rade Bozovic,...<\/div><\/div>\n<div class=\"page-list-ext-item\"><div class=\"page-list-ext-image\"><a href=\"http:\/\/jovicaprodanovic.com\/en\/izlozbe\/beograd-2001-ruski-dom\/\" title=\"Belgrade 2001, Ruski dom\"><img src=\"http:\/\/jovicaprodanovic.com\/wp-content\/uploads\/2015\/10\/Ruski-dom-2.jpg\" width=\"150\" alt=\"Belgrade 2001, Ruski dom\" \/><\/a><\/div> <h3 class=\"page-list-ext-title\"><a href=\"http:\/\/jovicaprodanovic.com\/en\/izlozbe\/beograd-2001-ruski-dom\/\" title=\"Belgrade 2001, Ruski dom\">Belgrade 2001, Ruski dom<\/a><\/h3><div class=\"page-list-ext-item-content\">Exhibition of Jovica Prodanovic, 13 December 2001, Russian Home, Belgrade \r\n\r\n\r\n\r\nThe exhibition was opened by the\u00a0 laywer Veljko Guberina, while professor ...<\/div><\/div>\n<div class=\"page-list-ext-item\"><div class=\"page-list-ext-image\"><a href=\"http:\/\/jovicaprodanovic.com\/en\/izlozbe\/beograd-2002-sava-centar\/\" title=\"Belgrade 2002, Sava Centre\"><img src=\"http:\/\/jovicaprodanovic.com\/wp-content\/uploads\/2015\/10\/SAVA_Center1200px-Flickr_-_proteusbcn_-_El_.jpg\" width=\"150\" alt=\"Belgrade 2002, Sava Centre\" \/><\/a><\/div> <h3 class=\"page-list-ext-title\"><a href=\"http:\/\/jovicaprodanovic.com\/en\/izlozbe\/beograd-2002-sava-centar\/\" title=\"Belgrade 2002, Sava Centre\">Belgrade 2002, Sava Centre<\/a><\/h3><div class=\"page-list-ext-item-content\">The exhibition of paintings by Jovica Prodanovi\u0107 held at the Sava Centre in 2002.\r\n\r\n\r\n\r\nThe exhibition in the Sava Centre was held on the occasion of ...<\/div><\/div>\n<div class=\"page-list-ext-item\"><div class=\"page-list-ext-image\"><a href=\"http:\/\/jovicaprodanovic.com\/en\/izlozbe\/beograd-2007-ministarstvo-spoljnih-poslova\/\" title=\"Belgrade 2007, Ministry of Foreign Affairs\"><img src=\"http:\/\/jovicaprodanovic.com\/wp-content\/uploads\/2015\/10\/otvaranje-izlozbe-smip-1.jpg\" width=\"150\" alt=\"Belgrade 2007, Ministry of Foreign Affairs\" \/><\/a><\/div> <h3 class=\"page-list-ext-title\"><a href=\"http:\/\/jovicaprodanovic.com\/en\/izlozbe\/beograd-2007-ministarstvo-spoljnih-poslova\/\" title=\"Belgrade 2007, Ministry of Foreign Affairs\">Belgrade 2007, Ministry of Foreign Affairs<\/a><\/h3><div class=\"page-list-ext-item-content\">The exhibition of paintings by Jovica Prodanovi\u0107 at the Ministry for Foreign Affairs in 2007. za inostrane poslove 2007. godine. The exhibition was opened ...<\/div><\/div>\n<div class=\"page-list-ext-item\"><div class=\"page-list-ext-image\"><a href=\"http:\/\/jovicaprodanovic.com\/en\/izlozbe\/beograd-2008-jevrejska-opstina\/\" title=\"Belgrade 2008, Jewish Community\"><img src=\"http:\/\/jovicaprodanovic.com\/wp-content\/uploads\/2015\/10\/otvaranje-izlozbe-u-jevrejskog-opstini-bg-3.jpg\" width=\"150\" alt=\"Belgrade 2008, Jewish Community\" \/><\/a><\/div> <h3 class=\"page-list-ext-title\"><a href=\"http:\/\/jovicaprodanovic.com\/en\/izlozbe\/beograd-2008-jevrejska-opstina\/\" title=\"Belgrade 2008, Jewish Community\">Belgrade 2008, Jewish Community<\/a><\/h3><div class=\"page-list-ext-item-content\">\r\n\r\nThe exhibition of paintings by Jovica Prodanovi\u0107 in the Jewish Community in Belgrade, 2008. Nikola Kusovac, an art critic, spoke about the exhibition.\r\n\r\n________________________________\r\n\r\nRead ...<\/div><\/div>\n<div class=\"page-list-ext-item\"><div class=\"page-list-ext-image\"><a href=\"http:\/\/jovicaprodanovic.com\/en\/izlozbe\/zagreb-2008-skd-prosvjeta\/\" title=\"Zagreb 2008, Serbian Cultural Society Prosvjeta\"><img src=\"http:\/\/jovicaprodanovic.com\/wp-content\/uploads\/2015\/10\/Prosvjeta-3.jpg\" width=\"150\" alt=\"Zagreb 2008, Serbian Cultural Society Prosvjeta\" \/><\/a><\/div> <h3 class=\"page-list-ext-title\"><a href=\"http:\/\/jovicaprodanovic.com\/en\/izlozbe\/zagreb-2008-skd-prosvjeta\/\" title=\"Zagreb 2008, Serbian Cultural Society Prosvjeta\">Zagreb 2008, Serbian Cultural Society Prosvjeta<\/a><\/h3><div class=\"page-list-ext-item-content\">\r\n\r\nThe exhibition of paintings by Jovica Prodanovi\u0107 in Zagreb, at the Serbian Cultural Society \"Prosvjeta\" in 2008 was opened by Milo\u0161 Popovi\u0107, an ac...<\/div><\/div>\n<div class=\"page-list-ext-item\"><div class=\"page-list-ext-image\"><a href=\"http:\/\/jovicaprodanovic.com\/en\/izlozbe\/krusedol-2009-manastir-krusedol\/\" title=\"Kru\u0161edol 2009, Kru\u0161edol Monastery\"><img src=\"http:\/\/jovicaprodanovic.com\/wp-content\/uploads\/2015\/10\/800px-Manastir_Krusedol-Copy.jpg\" width=\"150\" alt=\"Kru\u0161edol 2009, Kru\u0161edol Monastery\" \/><\/a><\/div> <h3 class=\"page-list-ext-title\"><a href=\"http:\/\/jovicaprodanovic.com\/en\/izlozbe\/krusedol-2009-manastir-krusedol\/\" title=\"Kru\u0161edol 2009, Kru\u0161edol Monastery\">Kru\u0161edol 2009, Kru\u0161edol Monastery<\/a><\/h3><div class=\"page-list-ext-item-content\">\r\n\r\nThe exhibition of paintings by Jovica Prodanovi\u0107 at the Kru\u0161edol Monastery in 2009,\u00a0 as part of the Third Krajina religious-national assembly \"Kru\u0161edolska zvo...<\/div><\/div>\n<div class=\"page-list-ext-item\"><div class=\"page-list-ext-image\"><a href=\"http:\/\/jovicaprodanovic.com\/en\/izlozbe\/sremski-karlovci-2009-noc-muzeja\/\" title=\"Sremski Karlovci 2009, Museum Night\"><img src=\"http:\/\/jovicaprodanovic.com\/wp-content\/uploads\/2015\/10\/noc-muzeja-2.jpg\" width=\"150\" alt=\"Sremski Karlovci 2009, Museum Night\" \/><\/a><\/div> <h3 class=\"page-list-ext-title\"><a href=\"http:\/\/jovicaprodanovic.com\/en\/izlozbe\/sremski-karlovci-2009-noc-muzeja\/\" title=\"Sremski Karlovci 2009, Museum Night\">Sremski Karlovci 2009, Museum Night<\/a><\/h3><div class=\"page-list-ext-item-content\">The exhibition of paintings of Jovica Prodanovic in Sremski Karlovci in the Primary School 23 October during the event of Nights of the Museum in 2009....<\/div><\/div>\n<div class=\"page-list-ext-item\"><div class=\"page-list-ext-image\"><a href=\"http:\/\/jovicaprodanovic.com\/en\/izlozbe\/novi-sad-2009-jevrejska-zajednica\/\" title=\"Novi Sad 2009, Jewish Community\"><img src=\"http:\/\/jovicaprodanovic.com\/wp-content\/uploads\/2015\/10\/Otvaranje-izlozbe-Jovice-Prodanovica-Novi-Sad-Jevrejska-zajednica2-300x197.jpg\" width=\"150\" alt=\"Novi Sad 2009, Jewish Community\" \/><\/a><\/div> <h3 class=\"page-list-ext-title\"><a href=\"http:\/\/jovicaprodanovic.com\/en\/izlozbe\/novi-sad-2009-jevrejska-zajednica\/\" title=\"Novi Sad 2009, Jewish Community\">Novi Sad 2009, Jewish Community<\/a><\/h3><div class=\"page-list-ext-item-content\">On 5th and 6th September 2009 Novi Sad Jewish Community celebrated this year\u2019s European Day of Jewish Culture. The event was opened with an exhibition o...<\/div><\/div>\n<div class=\"page-list-ext-item\"><div class=\"page-list-ext-image\"><a href=\"http:\/\/jovicaprodanovic.com\/en\/izlozbe\/beograd-2011-ministarstvo-spoljnih-poslova\/\" title=\"Belgrade 2011, Ministry of Foreign Affairs\"><img src=\"http:\/\/jovicaprodanovic.com\/wp-content\/uploads\/2015\/10\/Jersualem-panorama-300x225.jpg\" width=\"150\" alt=\"Belgrade 2011, Ministry of Foreign Affairs\" \/><\/a><\/div> <h3 class=\"page-list-ext-title\"><a href=\"http:\/\/jovicaprodanovic.com\/en\/izlozbe\/beograd-2011-ministarstvo-spoljnih-poslova\/\" title=\"Belgrade 2011, Ministry of Foreign Affairs\">Belgrade 2011, Ministry of Foreign Affairs<\/a><\/h3><div class=\"page-list-ext-item-content\">Introductory word by Vera Gruji\u0107 at the opening of the exhibition \r\n\r\n\r\n\r\nThe fact that this is already the sixteenth independent exhibition of Jovica ...<\/div><\/div>\n<div class=\"page-list-ext-item\"><div class=\"page-list-ext-image\"><a href=\"http:\/\/jovicaprodanovic.com\/en\/izlozbe\/daruvar-hrvatska-1983-kulturni-centar\/\" title=\"Daruvar (Croatia) 1983, Cultural Centre\"><img src=\"http:\/\/jovicaprodanovic.com\/wp-content\/uploads\/2015\/10\/800px-Park_Daruvarske_Toplice-Copy.jpg\" width=\"150\" alt=\"Daruvar (Croatia) 1983, Cultural Centre\" \/><\/a><\/div> <h3 class=\"page-list-ext-title\"><a href=\"http:\/\/jovicaprodanovic.com\/en\/izlozbe\/daruvar-hrvatska-1983-kulturni-centar\/\" title=\"Daruvar (Croatia) 1983, Cultural Centre\">Daruvar (Croatia) 1983, Cultural Centre<\/a><\/h3><div class=\"page-list-ext-item-content\">The exhibition of paintings by Jovica Prodanovi\u0107 in Daruvar (Croatia) at the Cultural Centre in 1983. The exhibition was opened by Nikola Ke\u010danin, an a...<\/div><\/div>\n<div class=\"page-list-ext-item\"><div class=\"page-list-ext-image\"><a href=\"http:\/\/jovicaprodanovic.com\/en\/izlozbe\/beograd-2014-ruski-dom\/\" title=\"Belgrade 2014, Russian Cultural Centre\"><img src=\"http:\/\/jovicaprodanovic.com\/wp-content\/uploads\/2015\/10\/Ruski-dom-2014-izlozba-govor.jpg\" width=\"150\" alt=\"Belgrade 2014, Russian Cultural Centre\" \/><\/a><\/div> <h3 class=\"page-list-ext-title\"><a href=\"http:\/\/jovicaprodanovic.com\/en\/izlozbe\/beograd-2014-ruski-dom\/\" title=\"Belgrade 2014, Russian Cultural Centre\">Belgrade 2014, Russian Cultural Centre<\/a><\/h3><div class=\"page-list-ext-item-content\">Tanjug reports: \r\n\r\n\"Jerusalim - Sveti grad\" u delima Jovice Prodanovi\u0107a  \r\n\r\nBEOGRAD- Izlo\u017eba pastela Jovice Prodanovi\u0107a pod nazivom \"Jerusalim - Sveti gr...<\/div><\/div>\n\n<\/div>\n","protected":false},"excerpt":{"rendered":"<p>Here you can read about the exhibitions of Jovica Prodanovi\u0107<\/p>\n","protected":false},"author":1,"featured_media":0,"parent":0,"menu_order":3,"comment_status":"closed","ping_status":"closed","template":"page-templates\/full-width.php","meta":[],"translation":{"provider":"WPGlobus","version":"2.12.2","language":"en","enabled_languages":["sr","en"],"languages":{"sr":{"title":true,"content":true,"excerpt":false},"en":{"title":true,"content":true,"excerpt":false}}},"yoast_head":"<!-- This site is optimized with the Yoast SEO plugin v20.13 - https:\/\/yoast.com\/wordpress\/plugins\/seo\/ -->\n<title>Exhibitions - Jovica Prodanovi\u0107<\/title>\n<meta name=\"description\" content=\"Here you can read more about the independent exhibitions of Jovica Prodanovi\u0107. The first exhibition was organised in Belgrade in 1982, in the Small Gallery\" \/>\n<meta name=\"robots\" content=\"index, follow, max-snippet:-1, max-image-preview:large, max-video-preview:-1\" \/>\n<link rel=\"canonical\" href=\"https:\/\/jovicaprodanovic.com\/en\/izlozbe\/\" \/>\n<meta property=\"og:locale\" content=\"en_GB\" \/>\n<meta property=\"og:type\" content=\"article\" \/>\n<meta property=\"og:title\" content=\"Exhibitions - Jovica Prodanovi\u0107\" \/>\n<meta property=\"og:description\" content=\"Here you can read more about the independent exhibitions of Jovica Prodanovi\u0107. The first exhibition was organised in Belgrade in 1982, in the Small Gallery\" \/>\n<meta property=\"og:url\" content=\"https:\/\/jovicaprodanovic.com\/en\/izlozbe\/\" \/>\n<meta property=\"og:site_name\" content=\"Jovica Prodanovi\u0107\" \/>\n<meta property=\"article:modified_time\" content=\"2015-10-14T08:37:13+00:00\" \/>\n<meta name=\"twitter:card\" content=\"summary_large_image\" \/>\n<script type=\"application\/ld+json\" class=\"yoast-schema-graph\">{\"@context\":\"https:\/\/schema.org\",\"@graph\":[{\"@type\":\"WebPage\",\"@id\":\"https:\/\/jovicaprodanovic.com\/en\/izlozbe\/\",\"url\":\"https:\/\/jovicaprodanovic.com\/en\/izlozbe\/\",\"name\":\"Exhibitions - Jovica Prodanovi\u0107\",\"isPartOf\":{\"@id\":\"http:\/\/jovicaprodanovic.com\/en\/#website\"},\"datePublished\":\"2015-10-08T16:04:39+00:00\",\"dateModified\":\"2015-10-14T08:37:13+00:00\",\"description\":\"Here you can read more about the independent exhibitions of Jovica Prodanovi\u0107. The first exhibition was organised in Belgrade in 1982, in the Small Gallery\",\"breadcrumb\":{\"@id\":\"https:\/\/jovicaprodanovic.com\/en\/izlozbe\/#breadcrumb\"},\"inLanguage\":\"en-GB\",\"potentialAction\":[{\"@type\":\"ReadAction\",\"target\":[\"https:\/\/jovicaprodanovic.com\/en\/izlozbe\/\"]}]},{\"@type\":\"BreadcrumbList\",\"@id\":\"https:\/\/jovicaprodanovic.com\/en\/izlozbe\/#breadcrumb\",\"itemListElement\":[{\"@type\":\"ListItem\",\"position\":1,\"name\":\"Home\",\"item\":\"http:\/\/jovicaprodanovic.com\/en\/\"},{\"@type\":\"ListItem\",\"position\":2,\"name\":\"Exhibitions\"}]},{\"@type\":\"WebSite\",\"@id\":\"http:\/\/jovicaprodanovic.com\/en\/#website\",\"url\":\"http:\/\/jovicaprodanovic.com\/en\/\",\"name\":\"Jovica Prodanovi\u0107\",\"description\":\"Exhibition of paintings\",\"potentialAction\":[{\"@type\":\"SearchAction\",\"target\":{\"@type\":\"EntryPoint\",\"urlTemplate\":\"http:\/\/jovicaprodanovic.com\/en\/?s={search_term_string}\"},\"query-input\":\"required name=search_term_string\"}],\"inLanguage\":\"en-GB\"}]}<\/script>\n<!-- \/ Yoast SEO plugin. -->","yoast_head_json":{"title":"Exhibitions - Jovica Prodanovi\u0107","description":"Here you can read more about the independent exhibitions of Jovica Prodanovi\u0107. The first exhibition was organised in Belgrade in 1982, in the Small Gallery","robots":{"index":"index","follow":"follow","max-snippet":"max-snippet:-1","max-image-preview":"max-image-preview:large","max-video-preview":"max-video-preview:-1"},"canonical":"https:\/\/jovicaprodanovic.com\/en\/izlozbe\/","og_locale":"en_GB","og_type":"article","og_title":"Exhibitions - Jovica Prodanovi\u0107","og_description":"Here you can read more about the independent exhibitions of Jovica Prodanovi\u0107. The first exhibition was organised in Belgrade in 1982, in the Small Gallery","og_url":"https:\/\/jovicaprodanovic.com\/en\/izlozbe\/","og_site_name":"Jovica Prodanovi\u0107","article_modified_time":"2015-10-14T08:37:13+00:00","twitter_card":"summary_large_image","schema":{"@context":"https:\/\/schema.org","@graph":[{"@type":"WebPage","@id":"https:\/\/jovicaprodanovic.com\/en\/izlozbe\/","url":"https:\/\/jovicaprodanovic.com\/en\/izlozbe\/","name":"Exhibitions - Jovica Prodanovi\u0107","isPartOf":{"@id":"http:\/\/jovicaprodanovic.com\/en\/#website"},"datePublished":"2015-10-08T16:04:39+00:00","dateModified":"2015-10-14T08:37:13+00:00","description":"Here you can read more about the independent exhibitions of Jovica Prodanovi\u0107. The first exhibition was organised in Belgrade in 1982, in the Small Gallery","breadcrumb":{"@id":"https:\/\/jovicaprodanovic.com\/en\/izlozbe\/#breadcrumb"},"inLanguage":"en-GB","potentialAction":[{"@type":"ReadAction","target":["https:\/\/jovicaprodanovic.com\/en\/izlozbe\/"]}]},{"@type":"BreadcrumbList","@id":"https:\/\/jovicaprodanovic.com\/en\/izlozbe\/#breadcrumb","itemListElement":[{"@type":"ListItem","position":1,"name":"Home","item":"http:\/\/jovicaprodanovic.com\/en\/"},{"@type":"ListItem","position":2,"name":"Exhibitions"}]},{"@type":"WebSite","@id":"http:\/\/jovicaprodanovic.com\/en\/#website","url":"http:\/\/jovicaprodanovic.com\/en\/","name":"Jovica Prodanovi\u0107","description":"Exhibition of paintings","potentialAction":[{"@type":"SearchAction","target":{"@type":"EntryPoint","urlTemplate":"http:\/\/jovicaprodanovic.com\/en\/?s={search_term_string}"},"query-input":"required name=search_term_string"}],"inLanguage":"en-GB"}]}},"_links":{"self":[{"href":"http:\/\/jovicaprodanovic.com\/en\/wp-json\/wp\/v2\/pages\/29"}],"collection":[{"href":"http:\/\/jovicaprodanovic.com\/en\/wp-json\/wp\/v2\/pages"}],"about":[{"href":"http:\/\/jovicaprodanovic.com\/en\/wp-json\/wp\/v2\/types\/page"}],"author":[{"embeddable":true,"href":"http:\/\/jovicaprodanovic.com\/en\/wp-json\/wp\/v2\/users\/1"}],"replies":[{"embeddable":true,"href":"http:\/\/jovicaprodanovic.com\/en\/wp-json\/wp\/v2\/comments?post=29"}],"version-history":[{"count":44,"href":"http:\/\/jovicaprodanovic.com\/en\/wp-json\/wp\/v2\/pages\/29\/revisions"}],"predecessor-version":[{"id":465,"href":"http:\/\/jovicaprodanovic.com\/en\/wp-json\/wp\/v2\/pages\/29\/revisions\/465"}],"wp:attachment":[{"href":"http:\/\/jovicaprodanovic.com\/en\/wp-json\/wp\/v2\/media?parent=29"}],"curies":[{"name":"wp","href":"https:\/\/api.w.org\/{rel}","templated":true}]}}