{"id":17,"date":"2015-10-08T15:20:43","date_gmt":"2015-10-08T15:20:43","guid":{"rendered":"http:\/\/jovicaprodanovic.com\/?page_id=17"},"modified":"2015-10-14T08:33:47","modified_gmt":"2015-10-14T08:33:47","slug":"biografija","status":"publish","type":"page","link":"http:\/\/jovicaprodanovic.com\/en\/biografija\/","title":{"rendered":"Biography"},"content":{"rendered":"<div id=\"attachment_320\" style=\"width: 210px\" class=\"wp-caption alignleft\"><a href=\"http:\/\/jovicaprodanovic.com\/wp-content\/uploads\/2015\/10\/jovica-mladost-Copy.jpg\"><img aria-describedby=\"caption-attachment-320\" decoding=\"async\" loading=\"lazy\" class=\"size-full wp-image-320\" src=\"http:\/\/jovicaprodanovic.com\/wp-content\/uploads\/2015\/10\/jovica-mladost-Copy.jpg\" alt=\"In his youth\" width=\"200\" height=\"276\" \/><\/a><p id=\"caption-attachment-320\" class=\"wp-caption-text\">In his youth<\/p><\/div>\n<p>Jovica Prodanovi\u0107 was born in 1938 in Bu\u010dje, Pakrac municipality, Western Slavonia in the Republic of Croatia. His father Pavle was killed in 1942, during World War 2 in the Jasenovac concentration camp in the Republic of Croatia. His mother Vuka was killed in 1944 during an attack by Ustashe and Nazi forces on the town of Vo\u0107in, and a month later, his oldest brother Branko died fighting in a unit of the Partisan movement. In the summer of 1944 Jovica Prodanovi\u0107 was evacuated together with wounded Partisans with an aeroplane of the Royal Air Force (RAF) to the island of Sicily in Italy. After the liberation, he returned to Yugoslavia together with Partisan survivors. From his early childhood until the end of his schooling he lived in children&#8217;s orphanages and homes in a number of different places (Zve\u010devo, Sicily, Split, Osijek, Lipik, Ludbreg, Daruvar, Dubrovnik and Zagreb).<\/p>\n<p>He completed his high school education in Daruvar and graduated from the Faculty of Law in Zagreb. He then spent a year studying in Strasbourg, France, on a student exchange programme between the University of Zagreb and the University of Strasbourg.<\/p>\n<p>From 1964 to 1965 he worked as a journalist at Radio Television Zagreb. From 1965 to 1969 he followed specialised studies of economic, legal and political issues of Arab Countries in Cairo.<\/p>\n<p>Upon his return from Egypt, he briefly worked in Zagreb in 1970 joined the Federal Secretariat for Foreign Affairs in Belgrade. As part of the Yugoslav Foreign Service, he worked in diplomatic postings in Yugoslav embassies in London, Algiers and Kuwait. He retired in 2003.<\/p>\n<p>Jovica Prodanovic speaks Arabic, English, French, Russian and Serbian.<\/p>\n<p><strong>Publications<\/strong><\/p>\n<p>From the beginning of the Yugoslav crisis in the early 1990&#8217;s until now, Jovica Prodanovi\u0107 has actively worked on the protection and defence of the interests of the Serb population in Croatia, particularly in Western Slavonia.<\/p>\n<p>He is one of the co-authors of the book &#8220;Suffering of the Serb population in the region of Western Slavonia&#8221; (published in Serbian and English in Oku\u010dani in April 1992) and &#8220;Facts about Western Slavonia&#8221; published in Belgrade in 1994.<\/p>\n<p>In the last 15 years he has been interviewed by various electronic media and has published numerous articles in the daily and weekly press, as well as some publications on Serb national issues as well as on the international position of Yugoslavia and Serbia.<\/p>\n<p>He has had particularly positive public reactions to his published articles on Du\u0161an Brki\u0107 and dr. Milo\u0161 \u017danko, contributing to the rehabilitation of these two eminent historical personalities from Croatia who remained faithful to their political views throughout their lives.<\/p>\n<p><strong>Artistic work<\/strong><\/p>\n<p>Independent exhibitions<\/p>\n<ul>\n<li>Belgrade, Serbia 1982, Mala galerija<\/li>\n<li>Daruvar, Croatia, 1983, Culture Centre<\/li>\n<li>Kuwait, Kuwait, 1988, Bouchari Gallery<\/li>\n<li>Belgrade, Serbia, 1989, Federal Secretariat for Foreign Affairs<\/li>\n<li>Lipik, Croatia, 1990, Hotel Lipik<\/li>\n<li>Belgrade, Serbia, 1997, Ku\u0107a \u0110ure Jak\u0161i\u0107a<\/li>\n<li>Belgrade, Serbia, 2001, Ruski Dom<\/li>\n<li>Belgrade, Serbia, 2002, Sava centre<\/li>\n<li>Belgrade, Serbia, 2007, Ministry of Foreign Affairs<\/li>\n<li>Zagreb, Croatia, 2008, Serbian Cultural Society &#8220;Prosvjeta&#8221;<\/li>\n<li>Kru\u0161edol, Serbia, 2009, Monastery Kru\u0161edol<\/li>\n<li>Sremski Karlovci, Serbia, 2009, as part of the &#8220;Night of Museums&#8221; event<\/li>\n<li>Novi Sad, Serbia, 2009, Jewish Community<\/li>\n<\/ul>\n<p>He has also taken part in a number of joint exhibitions.<\/p>\n<div id=\"attachment_334\" style=\"width: 760px\" class=\"wp-caption aligncenter\"><a href=\"http:\/\/jovicaprodanovic.com\/wp-content\/uploads\/2015\/10\/slikar-jovica-na-delu-1.jpg\"><img aria-describedby=\"caption-attachment-334\" decoding=\"async\" loading=\"lazy\" class=\"size-full wp-image-334\" src=\"http:\/\/jovicaprodanovic.com\/wp-content\/uploads\/2015\/10\/slikar-jovica-na-delu-1.jpg\" alt=\"Jovica painting\" width=\"750\" height=\"504\" srcset=\"http:\/\/jovicaprodanovic.com\/wp-content\/uploads\/2015\/10\/slikar-jovica-na-delu-1.jpg 750w, http:\/\/jovicaprodanovic.com\/wp-content\/uploads\/2015\/10\/slikar-jovica-na-delu-1-300x202.jpg 300w, http:\/\/jovicaprodanovic.com\/wp-content\/uploads\/2015\/10\/slikar-jovica-na-delu-1-624x419.jpg 624w\" sizes=\"(max-width: 750px) 100vw, 750px\" \/><\/a><p id=\"caption-attachment-334\" class=\"wp-caption-text\">Jovica painting<\/p><\/div>\n<p>In addition, Jovica Prodanovi\u0107 has also illustrated a number of books such as the &#8220;12th Slavonian Assault Division&#8221; by Stojan Markovi\u0107 published in 2005, &#8220;Bu\u010dje municipality \u2013 Chronology of 17 village in the Bu\u010dje region&#8221; written by D. Casi\u0107, L. Romani\u0107, L. Krajnovi\u0107 and S. Prodanovi\u0107, as well as the book &#8220;Execution sites in Papuk and Psunj&#8221;, written by Dane Pavlica, which is currently being prepared for publication.<\/p>\n","protected":false},"excerpt":{"rendered":"<p>Jovica Prodanovi\u0107 was born in 1938 in Bu\u010dje, Pakrac municipality, Western Slavonia in the Republic of Croatia. His father Pavle was killed in 1942, during World War 2 in the Jasenovac concentration camp in the Republic of Croatia. His mother Vuka was killed in 1944 during an attack by Ustashe and Nazi forces on the [&hellip;]<\/p>\n","protected":false},"author":1,"featured_media":0,"parent":0,"menu_order":2,"comment_status":"closed","ping_status":"closed","template":"page-templates\/full-width.php","meta":[],"translation":{"provider":"WPGlobus","version":"2.12.2","language":"en","enabled_languages":["sr","en"],"languages":{"sr":{"title":true,"content":true,"excerpt":false},"en":{"title":true,"content":true,"excerpt":false}}},"yoast_head":"<!-- This site is optimized with the Yoast SEO plugin v20.13 - https:\/\/yoast.com\/wordpress\/plugins\/seo\/ -->\n<title>Biography - Jovica Prodanovi\u0107<\/title>\n<meta name=\"description\" content=\"Jovica Prodanovi\u0107 was born in 1938 in Bu\u010dje, Pakrac municipality, Western Slavonia in the Republic of Croatia. During World War 2, his father Pavle was...\" \/>\n<meta name=\"robots\" content=\"index, follow, max-snippet:-1, max-image-preview:large, max-video-preview:-1\" \/>\n<link rel=\"canonical\" href=\"http:\/\/jovicaprodanovic.com\/en\/biografija\/\" \/>\n<meta property=\"og:locale\" content=\"en_GB\" \/>\n<meta property=\"og:type\" content=\"article\" \/>\n<meta property=\"og:title\" content=\"Biography - Jovica Prodanovi\u0107\" \/>\n<meta property=\"og:description\" content=\"Jovica Prodanovi\u0107 was born in 1938 in Bu\u010dje, Pakrac municipality, Western Slavonia in the Republic of Croatia. During World War 2, his father Pavle was...\" \/>\n<meta property=\"og:url\" content=\"http:\/\/jovicaprodanovic.com\/en\/biografija\/\" \/>\n<meta property=\"og:site_name\" content=\"Jovica Prodanovi\u0107\" \/>\n<meta property=\"article:modified_time\" content=\"2015-10-14T08:33:47+00:00\" \/>\n<meta property=\"og:image\" content=\"http:\/\/jovicaprodanovic.com\/wp-content\/uploads\/2015\/10\/jovica-mladost-Copy.jpg\" \/>\n<meta name=\"twitter:card\" content=\"summary_large_image\" \/>\n<meta name=\"twitter:label1\" content=\"Estimated reading time\" \/>\n\t<meta name=\"twitter:data1\" content=\"6 minutes\" \/>\n<script type=\"application\/ld+json\" class=\"yoast-schema-graph\">{\"@context\":\"https:\/\/schema.org\",\"@graph\":[{\"@type\":\"WebPage\",\"@id\":\"http:\/\/jovicaprodanovic.com\/en\/biografija\/\",\"url\":\"http:\/\/jovicaprodanovic.com\/en\/biografija\/\",\"name\":\"Biography - Jovica Prodanovi\u0107\",\"isPartOf\":{\"@id\":\"http:\/\/jovicaprodanovic.com\/#website\"},\"datePublished\":\"2015-10-08T15:20:43+00:00\",\"dateModified\":\"2015-10-14T08:33:47+00:00\",\"description\":\"Jovica Prodanovi\u0107 was born in 1938 in Bu\u010dje, Pakrac municipality, Western Slavonia in the Republic of Croatia. During World War 2, his father Pavle was...\",\"breadcrumb\":{\"@id\":\"http:\/\/jovicaprodanovic.com\/en\/biografija\/#breadcrumb\"},\"inLanguage\":\"en-GB\",\"potentialAction\":[{\"@type\":\"ReadAction\",\"target\":[\"http:\/\/jovicaprodanovic.com\/en\/biografija\/\"]}]},{\"@type\":\"BreadcrumbList\",\"@id\":\"http:\/\/jovicaprodanovic.com\/en\/biografija\/#breadcrumb\",\"itemListElement\":[{\"@type\":\"ListItem\",\"position\":1,\"name\":\"Home\",\"item\":\"http:\/\/jovicaprodanovic.com\/\"},{\"@type\":\"ListItem\",\"position\":2,\"name\":\"Biography\"}]},{\"@type\":\"WebSite\",\"@id\":\"http:\/\/jovicaprodanovic.com\/#website\",\"url\":\"http:\/\/jovicaprodanovic.com\/\",\"name\":\"Jovica Prodanovi\u0107\",\"description\":\"Exhibition of paintings\",\"potentialAction\":[{\"@type\":\"SearchAction\",\"target\":{\"@type\":\"EntryPoint\",\"urlTemplate\":\"http:\/\/jovicaprodanovic.com\/?s={search_term_string}\"},\"query-input\":\"required name=search_term_string\"}],\"inLanguage\":\"en-GB\"}]}<\/script>\n<!-- \/ Yoast SEO plugin. -->","yoast_head_json":{"title":"Biography - Jovica Prodanovi\u0107","description":"Jovica Prodanovi\u0107 was born in 1938 in Bu\u010dje, Pakrac municipality, Western Slavonia in the Republic of Croatia. During World War 2, his father Pavle was...","robots":{"index":"index","follow":"follow","max-snippet":"max-snippet:-1","max-image-preview":"max-image-preview:large","max-video-preview":"max-video-preview:-1"},"canonical":"http:\/\/jovicaprodanovic.com\/en\/biografija\/","og_locale":"en_GB","og_type":"article","og_title":"Biography - Jovica Prodanovi\u0107","og_description":"Jovica Prodanovi\u0107 was born in 1938 in Bu\u010dje, Pakrac municipality, Western Slavonia in the Republic of Croatia. During World War 2, his father Pavle was...","og_url":"http:\/\/jovicaprodanovic.com\/en\/biografija\/","og_site_name":"Jovica Prodanovi\u0107","article_modified_time":"2015-10-14T08:33:47+00:00","og_image":[{"url":"http:\/\/jovicaprodanovic.com\/wp-content\/uploads\/2015\/10\/jovica-mladost-Copy.jpg"}],"twitter_card":"summary_large_image","twitter_misc":{"Estimated reading time":"6 minutes"},"schema":{"@context":"https:\/\/schema.org","@graph":[{"@type":"WebPage","@id":"http:\/\/jovicaprodanovic.com\/en\/biografija\/","url":"http:\/\/jovicaprodanovic.com\/en\/biografija\/","name":"Biography - Jovica Prodanovi\u0107","isPartOf":{"@id":"http:\/\/jovicaprodanovic.com\/#website"},"datePublished":"2015-10-08T15:20:43+00:00","dateModified":"2015-10-14T08:33:47+00:00","description":"Jovica Prodanovi\u0107 was born in 1938 in Bu\u010dje, Pakrac municipality, Western Slavonia in the Republic of Croatia. During World War 2, his father Pavle was...","breadcrumb":{"@id":"http:\/\/jovicaprodanovic.com\/en\/biografija\/#breadcrumb"},"inLanguage":"en-GB","potentialAction":[{"@type":"ReadAction","target":["http:\/\/jovicaprodanovic.com\/en\/biografija\/"]}]},{"@type":"BreadcrumbList","@id":"http:\/\/jovicaprodanovic.com\/en\/biografija\/#breadcrumb","itemListElement":[{"@type":"ListItem","position":1,"name":"Home","item":"http:\/\/jovicaprodanovic.com\/"},{"@type":"ListItem","position":2,"name":"Biography"}]},{"@type":"WebSite","@id":"http:\/\/jovicaprodanovic.com\/#website","url":"http:\/\/jovicaprodanovic.com\/","name":"Jovica Prodanovi\u0107","description":"Exhibition of paintings","potentialAction":[{"@type":"SearchAction","target":{"@type":"EntryPoint","urlTemplate":"http:\/\/jovicaprodanovic.com\/?s={search_term_string}"},"query-input":"required name=search_term_string"}],"inLanguage":"en-GB"}]}},"_links":{"self":[{"href":"http:\/\/jovicaprodanovic.com\/en\/wp-json\/wp\/v2\/pages\/17"}],"collection":[{"href":"http:\/\/jovicaprodanovic.com\/en\/wp-json\/wp\/v2\/pages"}],"about":[{"href":"http:\/\/jovicaprodanovic.com\/en\/wp-json\/wp\/v2\/types\/page"}],"author":[{"embeddable":true,"href":"http:\/\/jovicaprodanovic.com\/en\/wp-json\/wp\/v2\/users\/1"}],"replies":[{"embeddable":true,"href":"http:\/\/jovicaprodanovic.com\/en\/wp-json\/wp\/v2\/comments?post=17"}],"version-history":[{"count":5,"href":"http:\/\/jovicaprodanovic.com\/en\/wp-json\/wp\/v2\/pages\/17\/revisions"}],"predecessor-version":[{"id":347,"href":"http:\/\/jovicaprodanovic.com\/en\/wp-json\/wp\/v2\/pages\/17\/revisions\/347"}],"wp:attachment":[{"href":"http:\/\/jovicaprodanovic.com\/en\/wp-json\/wp\/v2\/media?parent=17"}],"curies":[{"name":"wp","href":"https:\/\/api.w.org\/{rel}","templated":true}]}}